{"id":2096,"date":"2020-02-17T11:25:29","date_gmt":"2020-02-17T10:25:29","guid":{"rendered":"https:\/\/cartecworld.com\/?page_id=2096"},"modified":"2022-10-21T16:29:13","modified_gmt":"2022-10-21T14:29:13","slug":"wax-guard","status":"publish","type":"page","link":"https:\/\/cartecworld.com\/de\/produkte\/dauerhafter-lackschutz\/wax-guard\/","title":{"rendered":"Wax Guard"},"content":{"rendered":"","protected":false},"excerpt":{"rendered":"","protected":false},"author":28,"featured_media":0,"parent":2092,"menu_order":0,"comment_status":"closed","ping_status":"closed","template":"","meta":{"_acf_changed":false,"footnotes":""},"class_list":["post-2096","page","type-page","status-publish","hentry"],"acf":[],"yoast_head":"<!-- This site is optimized with the Yoast SEO plugin v27.3 - https:\/\/yoast.com\/product\/yoast-seo-wordpress\/ -->\n<title>Wax Guard : Langlebiger Autolackschutz - Cartec World<\/title>\n<meta name=\"description\" content=\"Einzigartiges Lackversiegelungsmittel auf Basis hochwertiger Wachse und Polymere. Verleiht dem Autolack einen sichtbar h\u00f6heren und tieferen Glanz. Sch\u00fctzt vor Schmutz und Witterungseinfl\u00fcssen.\" \/>\n<meta name=\"robots\" content=\"index, follow, max-snippet:-1, max-image-preview:large, max-video-preview:-1\" \/>\n<link rel=\"canonical\" href=\"https:\/\/cartecworld.com\/de\/produkte\/dauerhafter-lackschutz\/wax-guard\/\" \/>\n<meta property=\"og:locale\" content=\"de_DE\" \/>\n<meta property=\"og:type\" content=\"article\" \/>\n<meta property=\"og:title\" content=\"Wax Guard : Langlebiger Autolackschutz - Cartec World\" \/>\n<meta property=\"og:description\" content=\"Einzigartiges Lackversiegelungsmittel auf Basis hochwertiger Wachse und Polymere. Verleiht dem Autolack einen sichtbar h\u00f6heren und tieferen Glanz. Sch\u00fctzt vor Schmutz und Witterungseinfl\u00fcssen.\" \/>\n<meta property=\"og:url\" content=\"https:\/\/cartecworld.com\/de\/produkte\/dauerhafter-lackschutz\/wax-guard\/\" \/>\n<meta property=\"og:site_name\" content=\"Cartec World\" \/>\n<meta property=\"article:publisher\" content=\"https:\/\/www.facebook.com\/CartecWorld\/\" \/>\n<meta property=\"article:modified_time\" content=\"2022-10-21T14:29:13+00:00\" \/>\n<meta name=\"twitter:card\" content=\"summary_large_image\" \/>\n<meta name=\"twitter:site\" content=\"@cartecbv\" \/>\n<script type=\"application\/ld+json\" class=\"yoast-schema-graph\">{\"@context\":\"https:\\\/\\\/schema.org\",\"@graph\":[{\"@type\":\"WebPage\",\"@id\":\"https:\\\/\\\/cartecworld.com\\\/de\\\/produkte\\\/dauerhafter-lackschutz\\\/wax-guard\\\/\",\"url\":\"https:\\\/\\\/cartecworld.com\\\/de\\\/produkte\\\/dauerhafter-lackschutz\\\/wax-guard\\\/\",\"name\":\"Wax Guard : Langlebiger Autolackschutz - Cartec World\",\"isPartOf\":{\"@id\":\"https:\\\/\\\/cartecworld.com\\\/de\\\/#website\"},\"datePublished\":\"2020-02-17T10:25:29+00:00\",\"dateModified\":\"2022-10-21T14:29:13+00:00\",\"description\":\"Einzigartiges Lackversiegelungsmittel auf Basis hochwertiger Wachse und Polymere. Verleiht dem Autolack einen sichtbar h\u00f6heren und tieferen Glanz. Sch\u00fctzt vor Schmutz und Witterungseinfl\u00fcssen.\",\"breadcrumb\":{\"@id\":\"https:\\\/\\\/cartecworld.com\\\/de\\\/produkte\\\/dauerhafter-lackschutz\\\/wax-guard\\\/#breadcrumb\"},\"inLanguage\":\"de\",\"potentialAction\":[{\"@type\":\"ReadAction\",\"target\":[\"https:\\\/\\\/cartecworld.com\\\/de\\\/produkte\\\/dauerhafter-lackschutz\\\/wax-guard\\\/\"]}]},{\"@type\":\"BreadcrumbList\",\"@id\":\"https:\\\/\\\/cartecworld.com\\\/de\\\/produkte\\\/dauerhafter-lackschutz\\\/wax-guard\\\/#breadcrumb\",\"itemListElement\":[{\"@type\":\"ListItem\",\"position\":1,\"name\":\"Produkte\",\"item\":\"https:\\\/\\\/cartecworld.com\\\/de\\\/produkte\\\/\"},{\"@type\":\"ListItem\",\"position\":2,\"name\":\"Dauerhafter Lackschutz\",\"item\":\"https:\\\/\\\/cartecworld.com\\\/de\\\/produkte\\\/dauerhafter-lackschutz\\\/\"},{\"@type\":\"ListItem\",\"position\":3,\"name\":\"Wax Guard\"}]},{\"@type\":\"WebSite\",\"@id\":\"https:\\\/\\\/cartecworld.com\\\/de\\\/#website\",\"url\":\"https:\\\/\\\/cartecworld.com\\\/de\\\/\",\"name\":\"Cartec World\",\"description\":\"\",\"publisher\":{\"@id\":\"https:\\\/\\\/cartecworld.com\\\/de\\\/#organization\"},\"potentialAction\":[{\"@type\":\"SearchAction\",\"target\":{\"@type\":\"EntryPoint\",\"urlTemplate\":\"https:\\\/\\\/cartecworld.com\\\/de\\\/?s={search_term_string}\"},\"query-input\":{\"@type\":\"PropertyValueSpecification\",\"valueRequired\":true,\"valueName\":\"search_term_string\"}}],\"inLanguage\":\"de\"},{\"@type\":\"Organization\",\"@id\":\"https:\\\/\\\/cartecworld.com\\\/de\\\/#organization\",\"name\":\"Cartec World\",\"alternateName\":\"Cartec\",\"url\":\"https:\\\/\\\/cartecworld.com\\\/de\\\/\",\"logo\":{\"@type\":\"ImageObject\",\"inLanguage\":\"de\",\"@id\":\"https:\\\/\\\/cartecworld.com\\\/de\\\/#\\\/schema\\\/logo\\\/image\\\/\",\"url\":\"https:\\\/\\\/cartecworld.com\\\/wp-content\\\/uploads\\\/2023\\\/03\\\/ESL-Neutral-Wash-Shampoo-26.jpg\",\"contentUrl\":\"https:\\\/\\\/cartecworld.com\\\/wp-content\\\/uploads\\\/2023\\\/03\\\/ESL-Neutral-Wash-Shampoo-26.jpg\",\"width\":1200,\"height\":800,\"caption\":\"Cartec World\"},\"image\":{\"@id\":\"https:\\\/\\\/cartecworld.com\\\/de\\\/#\\\/schema\\\/logo\\\/image\\\/\"},\"sameAs\":[\"https:\\\/\\\/www.facebook.com\\\/CartecWorld\\\/\",\"https:\\\/\\\/x.com\\\/cartecbv\",\"https:\\\/\\\/www.instagram.com\\\/cartecworld\\\/\",\"https:\\\/\\\/nl.linkedin.com\\\/company\\\/cartec-bv\",\"https:\\\/\\\/www.youtube.com\\\/channel\\\/UCr5Z1L1wZN4ZBm51QGG_0vQ\"]}]}<\/script>\n<!-- \/ Yoast SEO plugin. -->","yoast_head_json":{"title":"Wax Guard : Langlebiger Autolackschutz - Cartec World","description":"Einzigartiges Lackversiegelungsmittel auf Basis hochwertiger Wachse und Polymere. Verleiht dem Autolack einen sichtbar h\u00f6heren und tieferen Glanz. Sch\u00fctzt vor Schmutz und Witterungseinfl\u00fcssen.","robots":{"index":"index","follow":"follow","max-snippet":"max-snippet:-1","max-image-preview":"max-image-preview:large","max-video-preview":"max-video-preview:-1"},"canonical":"https:\/\/cartecworld.com\/de\/produkte\/dauerhafter-lackschutz\/wax-guard\/","og_locale":"de_DE","og_type":"article","og_title":"Wax Guard : Langlebiger Autolackschutz - Cartec World","og_description":"Einzigartiges Lackversiegelungsmittel auf Basis hochwertiger Wachse und Polymere. Verleiht dem Autolack einen sichtbar h\u00f6heren und tieferen Glanz. Sch\u00fctzt vor Schmutz und Witterungseinfl\u00fcssen.","og_url":"https:\/\/cartecworld.com\/de\/produkte\/dauerhafter-lackschutz\/wax-guard\/","og_site_name":"Cartec World","article_publisher":"https:\/\/www.facebook.com\/CartecWorld\/","article_modified_time":"2022-10-21T14:29:13+00:00","twitter_card":"summary_large_image","twitter_site":"@cartecbv","schema":{"@context":"https:\/\/schema.org","@graph":[{"@type":"WebPage","@id":"https:\/\/cartecworld.com\/de\/produkte\/dauerhafter-lackschutz\/wax-guard\/","url":"https:\/\/cartecworld.com\/de\/produkte\/dauerhafter-lackschutz\/wax-guard\/","name":"Wax Guard : Langlebiger Autolackschutz - Cartec World","isPartOf":{"@id":"https:\/\/cartecworld.com\/de\/#website"},"datePublished":"2020-02-17T10:25:29+00:00","dateModified":"2022-10-21T14:29:13+00:00","description":"Einzigartiges Lackversiegelungsmittel auf Basis hochwertiger Wachse und Polymere. Verleiht dem Autolack einen sichtbar h\u00f6heren und tieferen Glanz. Sch\u00fctzt vor Schmutz und Witterungseinfl\u00fcssen.","breadcrumb":{"@id":"https:\/\/cartecworld.com\/de\/produkte\/dauerhafter-lackschutz\/wax-guard\/#breadcrumb"},"inLanguage":"de","potentialAction":[{"@type":"ReadAction","target":["https:\/\/cartecworld.com\/de\/produkte\/dauerhafter-lackschutz\/wax-guard\/"]}]},{"@type":"BreadcrumbList","@id":"https:\/\/cartecworld.com\/de\/produkte\/dauerhafter-lackschutz\/wax-guard\/#breadcrumb","itemListElement":[{"@type":"ListItem","position":1,"name":"Produkte","item":"https:\/\/cartecworld.com\/de\/produkte\/"},{"@type":"ListItem","position":2,"name":"Dauerhafter Lackschutz","item":"https:\/\/cartecworld.com\/de\/produkte\/dauerhafter-lackschutz\/"},{"@type":"ListItem","position":3,"name":"Wax Guard"}]},{"@type":"WebSite","@id":"https:\/\/cartecworld.com\/de\/#website","url":"https:\/\/cartecworld.com\/de\/","name":"Cartec World","description":"","publisher":{"@id":"https:\/\/cartecworld.com\/de\/#organization"},"potentialAction":[{"@type":"SearchAction","target":{"@type":"EntryPoint","urlTemplate":"https:\/\/cartecworld.com\/de\/?s={search_term_string}"},"query-input":{"@type":"PropertyValueSpecification","valueRequired":true,"valueName":"search_term_string"}}],"inLanguage":"de"},{"@type":"Organization","@id":"https:\/\/cartecworld.com\/de\/#organization","name":"Cartec World","alternateName":"Cartec","url":"https:\/\/cartecworld.com\/de\/","logo":{"@type":"ImageObject","inLanguage":"de","@id":"https:\/\/cartecworld.com\/de\/#\/schema\/logo\/image\/","url":"https:\/\/cartecworld.com\/wp-content\/uploads\/2023\/03\/ESL-Neutral-Wash-Shampoo-26.jpg","contentUrl":"https:\/\/cartecworld.com\/wp-content\/uploads\/2023\/03\/ESL-Neutral-Wash-Shampoo-26.jpg","width":1200,"height":800,"caption":"Cartec World"},"image":{"@id":"https:\/\/cartecworld.com\/de\/#\/schema\/logo\/image\/"},"sameAs":["https:\/\/www.facebook.com\/CartecWorld\/","https:\/\/x.com\/cartecbv","https:\/\/www.instagram.com\/cartecworld\/","https:\/\/nl.linkedin.com\/company\/cartec-bv","https:\/\/www.youtube.com\/channel\/UCr5Z1L1wZN4ZBm51QGG_0vQ"]}]}},"_links":{"self":[{"href":"https:\/\/cartecworld.com\/de\/wp-json\/wp\/v2\/pages\/2096","targetHints":{"allow":["GET"]}}],"collection":[{"href":"https:\/\/cartecworld.com\/de\/wp-json\/wp\/v2\/pages"}],"about":[{"href":"https:\/\/cartecworld.com\/de\/wp-json\/wp\/v2\/types\/page"}],"author":[{"embeddable":true,"href":"https:\/\/cartecworld.com\/de\/wp-json\/wp\/v2\/users\/28"}],"replies":[{"embeddable":true,"href":"https:\/\/cartecworld.com\/de\/wp-json\/wp\/v2\/comments?post=2096"}],"version-history":[{"count":0,"href":"https:\/\/cartecworld.com\/de\/wp-json\/wp\/v2\/pages\/2096\/revisions"}],"up":[{"embeddable":true,"href":"https:\/\/cartecworld.com\/de\/wp-json\/wp\/v2\/pages\/2092"}],"wp:attachment":[{"href":"https:\/\/cartecworld.com\/de\/wp-json\/wp\/v2\/media?parent=2096"}],"curies":[{"name":"wp","href":"https:\/\/api.w.org\/{rel}","templated":true}]}}