{"id":2377,"date":"2020-02-19T10:12:40","date_gmt":"2020-02-19T09:12:40","guid":{"rendered":"https:\/\/cartecworld.com\/?page_id=2377"},"modified":"2025-07-24T11:17:36","modified_gmt":"2025-07-24T09:17:36","slug":"datenschutzbestimmungen","status":"publish","type":"page","link":"https:\/\/cartecworld.com\/de\/datenschutzbestimmungen\/","title":{"rendered":"Datenschutzbestimmungen"},"content":{"rendered":"","protected":false},"excerpt":{"rendered":"","protected":false},"author":28,"featured_media":0,"parent":0,"menu_order":0,"comment_status":"closed","ping_status":"open","template":"","meta":{"_acf_changed":false,"footnotes":""},"class_list":["post-2377","page","type-page","status-publish","hentry"],"acf":[],"yoast_head":"<!-- This site is optimized with the Yoast SEO plugin v27.3 - https:\/\/yoast.com\/product\/yoast-seo-wordpress\/ -->\n<title>Datenschutzbestimmungen - Cartec World<\/title>\n<meta name=\"description\" content=\"Diese Seite informiert Sie \u00fcber unsere Richtlinien bez\u00fcglich der Erfassung, Verwendung und Weitergabe personenbezogener Daten, wenn Sie unseren Service nutzen, sowie \u00fcber die Wahlm\u00f6glichkeiten, die Sie im Zusammenhang mit diesen Daten haben.\" \/>\n<meta name=\"robots\" content=\"noindex, follow\" \/>\n<meta property=\"og:locale\" content=\"de_DE\" \/>\n<meta property=\"og:type\" content=\"article\" \/>\n<meta property=\"og:title\" content=\"Datenschutzbestimmungen - Cartec World\" \/>\n<meta property=\"og:description\" content=\"Diese Seite informiert Sie \u00fcber unsere Richtlinien bez\u00fcglich der Erfassung, Verwendung und Weitergabe personenbezogener Daten, wenn Sie unseren Service nutzen, sowie \u00fcber die Wahlm\u00f6glichkeiten, die Sie im Zusammenhang mit diesen Daten haben.\" \/>\n<meta property=\"og:url\" content=\"https:\/\/cartecworld.com\/privacy-policy\/\" \/>\n<meta property=\"og:site_name\" content=\"Cartec World\" \/>\n<meta property=\"article:publisher\" content=\"https:\/\/www.facebook.com\/CartecWorld\/\" \/>\n<meta property=\"article:modified_time\" content=\"2025-07-24T09:17:36+00:00\" \/>\n<meta name=\"twitter:card\" content=\"summary_large_image\" \/>\n<meta name=\"twitter:site\" content=\"@cartecbv\" \/>\n<script type=\"application\/ld+json\" class=\"yoast-schema-graph\">{\"@context\":\"https:\\\/\\\/schema.org\",\"@graph\":[{\"@type\":\"WebPage\",\"@id\":\"https:\\\/\\\/cartecworld.com\\\/de\\\/datenschutzbestimmungen\\\/\",\"url\":\"https:\\\/\\\/cartecworld.com\\\/privacy-policy\\\/\",\"name\":\"Datenschutzbestimmungen - Cartec World\",\"isPartOf\":{\"@id\":\"https:\\\/\\\/cartecworld.com\\\/de\\\/#website\"},\"datePublished\":\"2020-02-19T09:12:40+00:00\",\"dateModified\":\"2025-07-24T09:17:36+00:00\",\"description\":\"Diese Seite informiert Sie \u00fcber unsere Richtlinien bez\u00fcglich der Erfassung, Verwendung und Weitergabe personenbezogener Daten, wenn Sie unseren Service nutzen, sowie \u00fcber die Wahlm\u00f6glichkeiten, die Sie im Zusammenhang mit diesen Daten haben.\",\"inLanguage\":\"de\",\"potentialAction\":[{\"@type\":\"ReadAction\",\"target\":[\"https:\\\/\\\/cartecworld.com\\\/privacy-policy\\\/\"]}]},{\"@type\":\"WebSite\",\"@id\":\"https:\\\/\\\/cartecworld.com\\\/de\\\/#website\",\"url\":\"https:\\\/\\\/cartecworld.com\\\/de\\\/\",\"name\":\"Cartec World\",\"description\":\"\",\"publisher\":{\"@id\":\"https:\\\/\\\/cartecworld.com\\\/de\\\/#organization\"},\"potentialAction\":[{\"@type\":\"SearchAction\",\"target\":{\"@type\":\"EntryPoint\",\"urlTemplate\":\"https:\\\/\\\/cartecworld.com\\\/de\\\/?s={search_term_string}\"},\"query-input\":{\"@type\":\"PropertyValueSpecification\",\"valueRequired\":true,\"valueName\":\"search_term_string\"}}],\"inLanguage\":\"de\"},{\"@type\":\"Organization\",\"@id\":\"https:\\\/\\\/cartecworld.com\\\/de\\\/#organization\",\"name\":\"Cartec World\",\"alternateName\":\"Cartec\",\"url\":\"https:\\\/\\\/cartecworld.com\\\/de\\\/\",\"logo\":{\"@type\":\"ImageObject\",\"inLanguage\":\"de\",\"@id\":\"https:\\\/\\\/cartecworld.com\\\/de\\\/#\\\/schema\\\/logo\\\/image\\\/\",\"url\":\"https:\\\/\\\/cartecworld.com\\\/wp-content\\\/uploads\\\/2023\\\/03\\\/ESL-Neutral-Wash-Shampoo-26.jpg\",\"contentUrl\":\"https:\\\/\\\/cartecworld.com\\\/wp-content\\\/uploads\\\/2023\\\/03\\\/ESL-Neutral-Wash-Shampoo-26.jpg\",\"width\":1200,\"height\":800,\"caption\":\"Cartec World\"},\"image\":{\"@id\":\"https:\\\/\\\/cartecworld.com\\\/de\\\/#\\\/schema\\\/logo\\\/image\\\/\"},\"sameAs\":[\"https:\\\/\\\/www.facebook.com\\\/CartecWorld\\\/\",\"https:\\\/\\\/x.com\\\/cartecbv\",\"https:\\\/\\\/www.instagram.com\\\/cartecworld\\\/\",\"https:\\\/\\\/nl.linkedin.com\\\/company\\\/cartec-bv\",\"https:\\\/\\\/www.youtube.com\\\/channel\\\/UCr5Z1L1wZN4ZBm51QGG_0vQ\"]}]}<\/script>\n<!-- \/ Yoast SEO plugin. -->","yoast_head_json":{"title":"Datenschutzbestimmungen - Cartec World","description":"Diese Seite informiert Sie \u00fcber unsere Richtlinien bez\u00fcglich der Erfassung, Verwendung und Weitergabe personenbezogener Daten, wenn Sie unseren Service nutzen, sowie \u00fcber die Wahlm\u00f6glichkeiten, die Sie im Zusammenhang mit diesen Daten haben.","robots":{"index":"noindex","follow":"follow"},"og_locale":"de_DE","og_type":"article","og_title":"Datenschutzbestimmungen - Cartec World","og_description":"Diese Seite informiert Sie \u00fcber unsere Richtlinien bez\u00fcglich der Erfassung, Verwendung und Weitergabe personenbezogener Daten, wenn Sie unseren Service nutzen, sowie \u00fcber die Wahlm\u00f6glichkeiten, die Sie im Zusammenhang mit diesen Daten haben.","og_url":"https:\/\/cartecworld.com\/privacy-policy\/","og_site_name":"Cartec World","article_publisher":"https:\/\/www.facebook.com\/CartecWorld\/","article_modified_time":"2025-07-24T09:17:36+00:00","twitter_card":"summary_large_image","twitter_site":"@cartecbv","schema":{"@context":"https:\/\/schema.org","@graph":[{"@type":"WebPage","@id":"https:\/\/cartecworld.com\/de\/datenschutzbestimmungen\/","url":"https:\/\/cartecworld.com\/privacy-policy\/","name":"Datenschutzbestimmungen - Cartec World","isPartOf":{"@id":"https:\/\/cartecworld.com\/de\/#website"},"datePublished":"2020-02-19T09:12:40+00:00","dateModified":"2025-07-24T09:17:36+00:00","description":"Diese Seite informiert Sie \u00fcber unsere Richtlinien bez\u00fcglich der Erfassung, Verwendung und Weitergabe personenbezogener Daten, wenn Sie unseren Service nutzen, sowie \u00fcber die Wahlm\u00f6glichkeiten, die Sie im Zusammenhang mit diesen Daten haben.","inLanguage":"de","potentialAction":[{"@type":"ReadAction","target":["https:\/\/cartecworld.com\/privacy-policy\/"]}]},{"@type":"WebSite","@id":"https:\/\/cartecworld.com\/de\/#website","url":"https:\/\/cartecworld.com\/de\/","name":"Cartec World","description":"","publisher":{"@id":"https:\/\/cartecworld.com\/de\/#organization"},"potentialAction":[{"@type":"SearchAction","target":{"@type":"EntryPoint","urlTemplate":"https:\/\/cartecworld.com\/de\/?s={search_term_string}"},"query-input":{"@type":"PropertyValueSpecification","valueRequired":true,"valueName":"search_term_string"}}],"inLanguage":"de"},{"@type":"Organization","@id":"https:\/\/cartecworld.com\/de\/#organization","name":"Cartec World","alternateName":"Cartec","url":"https:\/\/cartecworld.com\/de\/","logo":{"@type":"ImageObject","inLanguage":"de","@id":"https:\/\/cartecworld.com\/de\/#\/schema\/logo\/image\/","url":"https:\/\/cartecworld.com\/wp-content\/uploads\/2023\/03\/ESL-Neutral-Wash-Shampoo-26.jpg","contentUrl":"https:\/\/cartecworld.com\/wp-content\/uploads\/2023\/03\/ESL-Neutral-Wash-Shampoo-26.jpg","width":1200,"height":800,"caption":"Cartec World"},"image":{"@id":"https:\/\/cartecworld.com\/de\/#\/schema\/logo\/image\/"},"sameAs":["https:\/\/www.facebook.com\/CartecWorld\/","https:\/\/x.com\/cartecbv","https:\/\/www.instagram.com\/cartecworld\/","https:\/\/nl.linkedin.com\/company\/cartec-bv","https:\/\/www.youtube.com\/channel\/UCr5Z1L1wZN4ZBm51QGG_0vQ"]}]}},"_links":{"self":[{"href":"https:\/\/cartecworld.com\/de\/wp-json\/wp\/v2\/pages\/2377","targetHints":{"allow":["GET"]}}],"collection":[{"href":"https:\/\/cartecworld.com\/de\/wp-json\/wp\/v2\/pages"}],"about":[{"href":"https:\/\/cartecworld.com\/de\/wp-json\/wp\/v2\/types\/page"}],"author":[{"embeddable":true,"href":"https:\/\/cartecworld.com\/de\/wp-json\/wp\/v2\/users\/28"}],"replies":[{"embeddable":true,"href":"https:\/\/cartecworld.com\/de\/wp-json\/wp\/v2\/comments?post=2377"}],"version-history":[{"count":1,"href":"https:\/\/cartecworld.com\/de\/wp-json\/wp\/v2\/pages\/2377\/revisions"}],"predecessor-version":[{"id":31762,"href":"https:\/\/cartecworld.com\/de\/wp-json\/wp\/v2\/pages\/2377\/revisions\/31762"}],"wp:attachment":[{"href":"https:\/\/cartecworld.com\/de\/wp-json\/wp\/v2\/media?parent=2377"}],"curies":[{"name":"wp","href":"https:\/\/api.w.org\/{rel}","templated":true}]}}