{"id":2346,"date":"2020-02-19T13:53:25","date_gmt":"2020-02-19T12:53:25","guid":{"rendered":"https:\/\/cartecworld.com\/?page_id=2346"},"modified":"2022-10-21T16:06:56","modified_gmt":"2022-10-21T14:06:56","slug":"lakforsegling","status":"publish","type":"page","link":"https:\/\/cartecworld.com\/dk\/produkter\/lakforsegling\/","title":{"rendered":"Lakforsegling"},"content":{"rendered":"","protected":false},"excerpt":{"rendered":"","protected":false},"author":28,"featured_media":0,"parent":374,"menu_order":0,"comment_status":"closed","ping_status":"closed","template":"","meta":{"_acf_changed":false,"footnotes":""},"class_list":["post-2346","page","type-page","status-publish","hentry"],"acf":[],"yoast_head":"<!-- This site is optimized with the Yoast SEO plugin v27.3 - https:\/\/yoast.com\/product\/yoast-seo-wordpress\/ -->\n<title>Lakforsegling - Cartec World<\/title>\n<meta name=\"description\" content=\"Bilmalingst\u00e6tninger med en langsigtet garanti. For en synlig h\u00f8jere og dybere skinne p\u00e5 din bil. Beskytter malingen mod snavs og vejr.\" \/>\n<meta name=\"robots\" content=\"index, follow, max-snippet:-1, max-image-preview:large, max-video-preview:-1\" \/>\n<link rel=\"canonical\" href=\"https:\/\/cartecworld.com\/dk\/produkter\/lakforsegling\/\" \/>\n<meta property=\"og:locale\" content=\"en_US\" \/>\n<meta property=\"og:type\" content=\"article\" \/>\n<meta property=\"og:title\" content=\"Lakforsegling - Cartec World\" \/>\n<meta property=\"og:description\" content=\"Bilmalingst\u00e6tninger med en langsigtet garanti. For en synlig h\u00f8jere og dybere skinne p\u00e5 din bil. Beskytter malingen mod snavs og vejr.\" \/>\n<meta property=\"og:url\" content=\"https:\/\/cartecworld.com\/dk\/produkter\/lakforsegling\/\" \/>\n<meta property=\"og:site_name\" content=\"Cartec World\" \/>\n<meta property=\"article:publisher\" content=\"https:\/\/www.facebook.com\/CartecWorld\/\" \/>\n<meta property=\"article:modified_time\" content=\"2022-10-21T14:06:56+00:00\" \/>\n<meta name=\"twitter:card\" content=\"summary_large_image\" \/>\n<meta name=\"twitter:site\" content=\"@cartecbv\" \/>\n<script type=\"application\/ld+json\" class=\"yoast-schema-graph\">{\"@context\":\"https:\\\/\\\/schema.org\",\"@graph\":[{\"@type\":\"WebPage\",\"@id\":\"https:\\\/\\\/cartecworld.com\\\/dk\\\/produkter\\\/lakforsegling\\\/\",\"url\":\"https:\\\/\\\/cartecworld.com\\\/dk\\\/produkter\\\/lakforsegling\\\/\",\"name\":\"Lakforsegling - Cartec World\",\"isPartOf\":{\"@id\":\"https:\\\/\\\/cartecworld.com\\\/dk\\\/#website\"},\"datePublished\":\"2020-02-19T12:53:25+00:00\",\"dateModified\":\"2022-10-21T14:06:56+00:00\",\"description\":\"Bilmalingst\u00e6tninger med en langsigtet garanti. For en synlig h\u00f8jere og dybere skinne p\u00e5 din bil. Beskytter malingen mod snavs og vejr.\",\"breadcrumb\":{\"@id\":\"https:\\\/\\\/cartecworld.com\\\/dk\\\/produkter\\\/lakforsegling\\\/#breadcrumb\"},\"inLanguage\":\"dk-DK\",\"potentialAction\":[{\"@type\":\"ReadAction\",\"target\":[\"https:\\\/\\\/cartecworld.com\\\/dk\\\/produkter\\\/lakforsegling\\\/\"]}]},{\"@type\":\"BreadcrumbList\",\"@id\":\"https:\\\/\\\/cartecworld.com\\\/dk\\\/produkter\\\/lakforsegling\\\/#breadcrumb\",\"itemListElement\":[{\"@type\":\"ListItem\",\"position\":1,\"name\":\"Produkter\",\"item\":\"https:\\\/\\\/cartecworld.com\\\/dk\\\/produkter\\\/\"},{\"@type\":\"ListItem\",\"position\":2,\"name\":\"Lakforsegling\"}]},{\"@type\":\"WebSite\",\"@id\":\"https:\\\/\\\/cartecworld.com\\\/dk\\\/#website\",\"url\":\"https:\\\/\\\/cartecworld.com\\\/dk\\\/\",\"name\":\"Cartec World\",\"description\":\"\",\"publisher\":{\"@id\":\"https:\\\/\\\/cartecworld.com\\\/dk\\\/#organization\"},\"potentialAction\":[{\"@type\":\"SearchAction\",\"target\":{\"@type\":\"EntryPoint\",\"urlTemplate\":\"https:\\\/\\\/cartecworld.com\\\/dk\\\/?s={search_term_string}\"},\"query-input\":{\"@type\":\"PropertyValueSpecification\",\"valueRequired\":true,\"valueName\":\"search_term_string\"}}],\"inLanguage\":\"dk-DK\"},{\"@type\":\"Organization\",\"@id\":\"https:\\\/\\\/cartecworld.com\\\/dk\\\/#organization\",\"name\":\"Cartec World\",\"alternateName\":\"Cartec\",\"url\":\"https:\\\/\\\/cartecworld.com\\\/dk\\\/\",\"logo\":{\"@type\":\"ImageObject\",\"inLanguage\":\"dk-DK\",\"@id\":\"https:\\\/\\\/cartecworld.com\\\/dk\\\/#\\\/schema\\\/logo\\\/image\\\/\",\"url\":\"https:\\\/\\\/cartecworld.com\\\/wp-content\\\/uploads\\\/2023\\\/03\\\/ESL-Neutral-Wash-Shampoo-26.jpg\",\"contentUrl\":\"https:\\\/\\\/cartecworld.com\\\/wp-content\\\/uploads\\\/2023\\\/03\\\/ESL-Neutral-Wash-Shampoo-26.jpg\",\"width\":1200,\"height\":800,\"caption\":\"Cartec World\"},\"image\":{\"@id\":\"https:\\\/\\\/cartecworld.com\\\/dk\\\/#\\\/schema\\\/logo\\\/image\\\/\"},\"sameAs\":[\"https:\\\/\\\/www.facebook.com\\\/CartecWorld\\\/\",\"https:\\\/\\\/x.com\\\/cartecbv\",\"https:\\\/\\\/www.instagram.com\\\/cartecworld\\\/\",\"https:\\\/\\\/nl.linkedin.com\\\/company\\\/cartec-bv\",\"https:\\\/\\\/www.youtube.com\\\/channel\\\/UCr5Z1L1wZN4ZBm51QGG_0vQ\"]}]}<\/script>\n<!-- \/ Yoast SEO plugin. -->","yoast_head_json":{"title":"Lakforsegling - Cartec World","description":"Bilmalingst\u00e6tninger med en langsigtet garanti. For en synlig h\u00f8jere og dybere skinne p\u00e5 din bil. Beskytter malingen mod snavs og vejr.","robots":{"index":"index","follow":"follow","max-snippet":"max-snippet:-1","max-image-preview":"max-image-preview:large","max-video-preview":"max-video-preview:-1"},"canonical":"https:\/\/cartecworld.com\/dk\/produkter\/lakforsegling\/","og_locale":"en_US","og_type":"article","og_title":"Lakforsegling - Cartec World","og_description":"Bilmalingst\u00e6tninger med en langsigtet garanti. For en synlig h\u00f8jere og dybere skinne p\u00e5 din bil. Beskytter malingen mod snavs og vejr.","og_url":"https:\/\/cartecworld.com\/dk\/produkter\/lakforsegling\/","og_site_name":"Cartec World","article_publisher":"https:\/\/www.facebook.com\/CartecWorld\/","article_modified_time":"2022-10-21T14:06:56+00:00","twitter_card":"summary_large_image","twitter_site":"@cartecbv","schema":{"@context":"https:\/\/schema.org","@graph":[{"@type":"WebPage","@id":"https:\/\/cartecworld.com\/dk\/produkter\/lakforsegling\/","url":"https:\/\/cartecworld.com\/dk\/produkter\/lakforsegling\/","name":"Lakforsegling - Cartec World","isPartOf":{"@id":"https:\/\/cartecworld.com\/dk\/#website"},"datePublished":"2020-02-19T12:53:25+00:00","dateModified":"2022-10-21T14:06:56+00:00","description":"Bilmalingst\u00e6tninger med en langsigtet garanti. For en synlig h\u00f8jere og dybere skinne p\u00e5 din bil. Beskytter malingen mod snavs og vejr.","breadcrumb":{"@id":"https:\/\/cartecworld.com\/dk\/produkter\/lakforsegling\/#breadcrumb"},"inLanguage":"dk-DK","potentialAction":[{"@type":"ReadAction","target":["https:\/\/cartecworld.com\/dk\/produkter\/lakforsegling\/"]}]},{"@type":"BreadcrumbList","@id":"https:\/\/cartecworld.com\/dk\/produkter\/lakforsegling\/#breadcrumb","itemListElement":[{"@type":"ListItem","position":1,"name":"Produkter","item":"https:\/\/cartecworld.com\/dk\/produkter\/"},{"@type":"ListItem","position":2,"name":"Lakforsegling"}]},{"@type":"WebSite","@id":"https:\/\/cartecworld.com\/dk\/#website","url":"https:\/\/cartecworld.com\/dk\/","name":"Cartec World","description":"","publisher":{"@id":"https:\/\/cartecworld.com\/dk\/#organization"},"potentialAction":[{"@type":"SearchAction","target":{"@type":"EntryPoint","urlTemplate":"https:\/\/cartecworld.com\/dk\/?s={search_term_string}"},"query-input":{"@type":"PropertyValueSpecification","valueRequired":true,"valueName":"search_term_string"}}],"inLanguage":"dk-DK"},{"@type":"Organization","@id":"https:\/\/cartecworld.com\/dk\/#organization","name":"Cartec World","alternateName":"Cartec","url":"https:\/\/cartecworld.com\/dk\/","logo":{"@type":"ImageObject","inLanguage":"dk-DK","@id":"https:\/\/cartecworld.com\/dk\/#\/schema\/logo\/image\/","url":"https:\/\/cartecworld.com\/wp-content\/uploads\/2023\/03\/ESL-Neutral-Wash-Shampoo-26.jpg","contentUrl":"https:\/\/cartecworld.com\/wp-content\/uploads\/2023\/03\/ESL-Neutral-Wash-Shampoo-26.jpg","width":1200,"height":800,"caption":"Cartec World"},"image":{"@id":"https:\/\/cartecworld.com\/dk\/#\/schema\/logo\/image\/"},"sameAs":["https:\/\/www.facebook.com\/CartecWorld\/","https:\/\/x.com\/cartecbv","https:\/\/www.instagram.com\/cartecworld\/","https:\/\/nl.linkedin.com\/company\/cartec-bv","https:\/\/www.youtube.com\/channel\/UCr5Z1L1wZN4ZBm51QGG_0vQ"]}]}},"_links":{"self":[{"href":"https:\/\/cartecworld.com\/dk\/wp-json\/wp\/v2\/pages\/2346","targetHints":{"allow":["GET"]}}],"collection":[{"href":"https:\/\/cartecworld.com\/dk\/wp-json\/wp\/v2\/pages"}],"about":[{"href":"https:\/\/cartecworld.com\/dk\/wp-json\/wp\/v2\/types\/page"}],"author":[{"embeddable":true,"href":"https:\/\/cartecworld.com\/dk\/wp-json\/wp\/v2\/users\/28"}],"replies":[{"embeddable":true,"href":"https:\/\/cartecworld.com\/dk\/wp-json\/wp\/v2\/comments?post=2346"}],"version-history":[{"count":0,"href":"https:\/\/cartecworld.com\/dk\/wp-json\/wp\/v2\/pages\/2346\/revisions"}],"up":[{"embeddable":true,"href":"https:\/\/cartecworld.com\/dk\/wp-json\/wp\/v2\/pages\/374"}],"wp:attachment":[{"href":"https:\/\/cartecworld.com\/dk\/wp-json\/wp\/v2\/media?parent=2346"}],"curies":[{"name":"wp","href":"https:\/\/api.w.org\/{rel}","templated":true}]}}