{"id":1588,"date":"2020-01-17T09:09:53","date_gmt":"2020-01-17T08:09:53","guid":{"rendered":"https:\/\/cartecworld.com\/?page_id=1588"},"modified":"2026-04-02T15:48:54","modified_gmt":"2026-04-02T13:48:54","slug":"acerca-de-cartec","status":"publish","type":"page","link":"https:\/\/cartecworld.com\/es\/acerca-de-cartec\/","title":{"rendered":"Acerca de Cartec"},"content":{"rendered":"","protected":false},"excerpt":{"rendered":"","protected":false},"author":28,"featured_media":14074,"parent":0,"menu_order":0,"comment_status":"closed","ping_status":"closed","template":"page-paginate.php","meta":{"_acf_changed":false,"footnotes":""},"class_list":["post-1588","page","type-page","status-publish","has-post-thumbnail","hentry"],"acf":[],"yoast_head":"<!-- This site is optimized with the Yoast SEO plugin v27.3 - https:\/\/yoast.com\/product\/yoast-seo-wordpress\/ -->\n<title>Ingenious Car Care: productos para profesionales - Cartec World<\/title>\n<meta name=\"description\" content=\"Cartec lleva m\u00e1s de 35 a\u00f1os desarrollando productos de limpieza, protecci\u00f3n y abrillantado para autom\u00f3viles. Desarrollados y producidos en Holanda.\" \/>\n<meta name=\"robots\" content=\"index, follow, max-snippet:-1, max-image-preview:large, max-video-preview:-1\" \/>\n<link rel=\"canonical\" href=\"https:\/\/cartecworld.com\/es\/acerca-de-cartec\/\" \/>\n<meta property=\"og:locale\" content=\"es_ES\" \/>\n<meta property=\"og:type\" content=\"article\" \/>\n<meta property=\"og:title\" content=\"Ingenious Car Care: productos para profesionales - Cartec World\" \/>\n<meta property=\"og:description\" content=\"Cartec lleva m\u00e1s de 35 a\u00f1os desarrollando productos de limpieza, protecci\u00f3n y abrillantado para autom\u00f3viles. Desarrollados y producidos en Holanda.\" \/>\n<meta property=\"og:url\" content=\"https:\/\/cartecworld.com\/es\/acerca-de-cartec\/\" \/>\n<meta property=\"og:site_name\" content=\"Cartec World\" \/>\n<meta property=\"article:publisher\" content=\"https:\/\/www.facebook.com\/CartecWorld\/\" \/>\n<meta property=\"article:modified_time\" content=\"2026-04-02T13:48:54+00:00\" \/>\n<meta property=\"og:image\" content=\"https:\/\/cartecworld.com\/wp-content\/uploads\/2023\/11\/2.jpg\" \/>\n\t<meta property=\"og:image:width\" content=\"1200\" \/>\n\t<meta property=\"og:image:height\" content=\"675\" \/>\n\t<meta property=\"og:image:type\" content=\"image\/jpeg\" \/>\n<meta name=\"twitter:card\" content=\"summary_large_image\" \/>\n<meta name=\"twitter:site\" content=\"@cartecbv\" \/>\n<meta name=\"twitter:label1\" content=\"Tiempo de lectura\" \/>\n\t<meta name=\"twitter:data1\" content=\"1 minuto\" \/>\n<script type=\"application\/ld+json\" class=\"yoast-schema-graph\">{\"@context\":\"https:\\\/\\\/schema.org\",\"@graph\":[{\"@type\":\"WebPage\",\"@id\":\"https:\\\/\\\/cartecworld.com\\\/es\\\/acerca-de-cartec\\\/\",\"url\":\"https:\\\/\\\/cartecworld.com\\\/es\\\/acerca-de-cartec\\\/\",\"name\":\"Ingenious Car Care: productos para profesionales - Cartec World\",\"isPartOf\":{\"@id\":\"https:\\\/\\\/cartecworld.com\\\/es\\\/#website\"},\"primaryImageOfPage\":{\"@id\":\"https:\\\/\\\/cartecworld.com\\\/es\\\/acerca-de-cartec\\\/#primaryimage\"},\"image\":{\"@id\":\"https:\\\/\\\/cartecworld.com\\\/es\\\/acerca-de-cartec\\\/#primaryimage\"},\"thumbnailUrl\":\"https:\\\/\\\/cartecworld.com\\\/wp-content\\\/uploads\\\/2023\\\/11\\\/2.jpg\",\"datePublished\":\"2020-01-17T08:09:53+00:00\",\"dateModified\":\"2026-04-02T13:48:54+00:00\",\"description\":\"Cartec lleva m\u00e1s de 35 a\u00f1os desarrollando productos de limpieza, protecci\u00f3n y abrillantado para autom\u00f3viles. Desarrollados y producidos en Holanda.\",\"inLanguage\":\"es\",\"potentialAction\":[{\"@type\":\"ReadAction\",\"target\":[\"https:\\\/\\\/cartecworld.com\\\/es\\\/acerca-de-cartec\\\/\"]}]},{\"@type\":\"ImageObject\",\"inLanguage\":\"es\",\"@id\":\"https:\\\/\\\/cartecworld.com\\\/es\\\/acerca-de-cartec\\\/#primaryimage\",\"url\":\"https:\\\/\\\/cartecworld.com\\\/wp-content\\\/uploads\\\/2023\\\/11\\\/2.jpg\",\"contentUrl\":\"https:\\\/\\\/cartecworld.com\\\/wp-content\\\/uploads\\\/2023\\\/11\\\/2.jpg\",\"width\":1200,\"height\":675},{\"@type\":\"WebSite\",\"@id\":\"https:\\\/\\\/cartecworld.com\\\/es\\\/#website\",\"url\":\"https:\\\/\\\/cartecworld.com\\\/es\\\/\",\"name\":\"Cartec World\",\"description\":\"\",\"publisher\":{\"@id\":\"https:\\\/\\\/cartecworld.com\\\/es\\\/#organization\"},\"potentialAction\":[{\"@type\":\"SearchAction\",\"target\":{\"@type\":\"EntryPoint\",\"urlTemplate\":\"https:\\\/\\\/cartecworld.com\\\/es\\\/?s={search_term_string}\"},\"query-input\":{\"@type\":\"PropertyValueSpecification\",\"valueRequired\":true,\"valueName\":\"search_term_string\"}}],\"inLanguage\":\"es\"},{\"@type\":\"Organization\",\"@id\":\"https:\\\/\\\/cartecworld.com\\\/es\\\/#organization\",\"name\":\"Cartec World\",\"alternateName\":\"Cartec\",\"url\":\"https:\\\/\\\/cartecworld.com\\\/es\\\/\",\"logo\":{\"@type\":\"ImageObject\",\"inLanguage\":\"es\",\"@id\":\"https:\\\/\\\/cartecworld.com\\\/es\\\/#\\\/schema\\\/logo\\\/image\\\/\",\"url\":\"https:\\\/\\\/cartecworld.com\\\/wp-content\\\/uploads\\\/2023\\\/03\\\/ESL-Neutral-Wash-Shampoo-26.jpg\",\"contentUrl\":\"https:\\\/\\\/cartecworld.com\\\/wp-content\\\/uploads\\\/2023\\\/03\\\/ESL-Neutral-Wash-Shampoo-26.jpg\",\"width\":1200,\"height\":800,\"caption\":\"Cartec World\"},\"image\":{\"@id\":\"https:\\\/\\\/cartecworld.com\\\/es\\\/#\\\/schema\\\/logo\\\/image\\\/\"},\"sameAs\":[\"https:\\\/\\\/www.facebook.com\\\/CartecWorld\\\/\",\"https:\\\/\\\/x.com\\\/cartecbv\",\"https:\\\/\\\/www.instagram.com\\\/cartecworld\\\/\",\"https:\\\/\\\/nl.linkedin.com\\\/company\\\/cartec-bv\",\"https:\\\/\\\/www.youtube.com\\\/channel\\\/UCr5Z1L1wZN4ZBm51QGG_0vQ\"]}]}<\/script>\n<!-- \/ Yoast SEO plugin. -->","yoast_head_json":{"title":"Ingenious Car Care: productos para profesionales - Cartec World","description":"Cartec lleva m\u00e1s de 35 a\u00f1os desarrollando productos de limpieza, protecci\u00f3n y abrillantado para autom\u00f3viles. Desarrollados y producidos en Holanda.","robots":{"index":"index","follow":"follow","max-snippet":"max-snippet:-1","max-image-preview":"max-image-preview:large","max-video-preview":"max-video-preview:-1"},"canonical":"https:\/\/cartecworld.com\/es\/acerca-de-cartec\/","og_locale":"es_ES","og_type":"article","og_title":"Ingenious Car Care: productos para profesionales - Cartec World","og_description":"Cartec lleva m\u00e1s de 35 a\u00f1os desarrollando productos de limpieza, protecci\u00f3n y abrillantado para autom\u00f3viles. Desarrollados y producidos en Holanda.","og_url":"https:\/\/cartecworld.com\/es\/acerca-de-cartec\/","og_site_name":"Cartec World","article_publisher":"https:\/\/www.facebook.com\/CartecWorld\/","article_modified_time":"2026-04-02T13:48:54+00:00","og_image":[{"width":1200,"height":675,"url":"https:\/\/cartecworld.com\/wp-content\/uploads\/2023\/11\/2.jpg","type":"image\/jpeg"}],"twitter_card":"summary_large_image","twitter_site":"@cartecbv","twitter_misc":{"Tiempo de lectura":"1 minuto"},"schema":{"@context":"https:\/\/schema.org","@graph":[{"@type":"WebPage","@id":"https:\/\/cartecworld.com\/es\/acerca-de-cartec\/","url":"https:\/\/cartecworld.com\/es\/acerca-de-cartec\/","name":"Ingenious Car Care: productos para profesionales - Cartec World","isPartOf":{"@id":"https:\/\/cartecworld.com\/es\/#website"},"primaryImageOfPage":{"@id":"https:\/\/cartecworld.com\/es\/acerca-de-cartec\/#primaryimage"},"image":{"@id":"https:\/\/cartecworld.com\/es\/acerca-de-cartec\/#primaryimage"},"thumbnailUrl":"https:\/\/cartecworld.com\/wp-content\/uploads\/2023\/11\/2.jpg","datePublished":"2020-01-17T08:09:53+00:00","dateModified":"2026-04-02T13:48:54+00:00","description":"Cartec lleva m\u00e1s de 35 a\u00f1os desarrollando productos de limpieza, protecci\u00f3n y abrillantado para autom\u00f3viles. Desarrollados y producidos en Holanda.","inLanguage":"es","potentialAction":[{"@type":"ReadAction","target":["https:\/\/cartecworld.com\/es\/acerca-de-cartec\/"]}]},{"@type":"ImageObject","inLanguage":"es","@id":"https:\/\/cartecworld.com\/es\/acerca-de-cartec\/#primaryimage","url":"https:\/\/cartecworld.com\/wp-content\/uploads\/2023\/11\/2.jpg","contentUrl":"https:\/\/cartecworld.com\/wp-content\/uploads\/2023\/11\/2.jpg","width":1200,"height":675},{"@type":"WebSite","@id":"https:\/\/cartecworld.com\/es\/#website","url":"https:\/\/cartecworld.com\/es\/","name":"Cartec World","description":"","publisher":{"@id":"https:\/\/cartecworld.com\/es\/#organization"},"potentialAction":[{"@type":"SearchAction","target":{"@type":"EntryPoint","urlTemplate":"https:\/\/cartecworld.com\/es\/?s={search_term_string}"},"query-input":{"@type":"PropertyValueSpecification","valueRequired":true,"valueName":"search_term_string"}}],"inLanguage":"es"},{"@type":"Organization","@id":"https:\/\/cartecworld.com\/es\/#organization","name":"Cartec World","alternateName":"Cartec","url":"https:\/\/cartecworld.com\/es\/","logo":{"@type":"ImageObject","inLanguage":"es","@id":"https:\/\/cartecworld.com\/es\/#\/schema\/logo\/image\/","url":"https:\/\/cartecworld.com\/wp-content\/uploads\/2023\/03\/ESL-Neutral-Wash-Shampoo-26.jpg","contentUrl":"https:\/\/cartecworld.com\/wp-content\/uploads\/2023\/03\/ESL-Neutral-Wash-Shampoo-26.jpg","width":1200,"height":800,"caption":"Cartec World"},"image":{"@id":"https:\/\/cartecworld.com\/es\/#\/schema\/logo\/image\/"},"sameAs":["https:\/\/www.facebook.com\/CartecWorld\/","https:\/\/x.com\/cartecbv","https:\/\/www.instagram.com\/cartecworld\/","https:\/\/nl.linkedin.com\/company\/cartec-bv","https:\/\/www.youtube.com\/channel\/UCr5Z1L1wZN4ZBm51QGG_0vQ"]}]}},"_links":{"self":[{"href":"https:\/\/cartecworld.com\/es\/wp-json\/wp\/v2\/pages\/1588","targetHints":{"allow":["GET"]}}],"collection":[{"href":"https:\/\/cartecworld.com\/es\/wp-json\/wp\/v2\/pages"}],"about":[{"href":"https:\/\/cartecworld.com\/es\/wp-json\/wp\/v2\/types\/page"}],"author":[{"embeddable":true,"href":"https:\/\/cartecworld.com\/es\/wp-json\/wp\/v2\/users\/28"}],"replies":[{"embeddable":true,"href":"https:\/\/cartecworld.com\/es\/wp-json\/wp\/v2\/comments?post=1588"}],"version-history":[{"count":1,"href":"https:\/\/cartecworld.com\/es\/wp-json\/wp\/v2\/pages\/1588\/revisions"}],"predecessor-version":[{"id":41433,"href":"https:\/\/cartecworld.com\/es\/wp-json\/wp\/v2\/pages\/1588\/revisions\/41433"}],"wp:featuredmedia":[{"embeddable":true,"href":"https:\/\/cartecworld.com\/es\/wp-json\/wp\/v2\/media\/14074"}],"wp:attachment":[{"href":"https:\/\/cartecworld.com\/es\/wp-json\/wp\/v2\/media?parent=1588"}],"curies":[{"name":"wp","href":"https:\/\/api.w.org\/{rel}","templated":true}]}}