{"id":1600,"date":"2020-01-17T10:12:26","date_gmt":"2020-01-17T09:12:26","guid":{"rendered":"https:\/\/cartecworld.com\/?page_id=1600"},"modified":"2024-05-03T15:18:43","modified_gmt":"2024-05-03T13:18:43","slug":"kiillotus-ja-maalipinnan-korjaus","status":"publish","type":"page","link":"https:\/\/cartecworld.com\/fi\/tuotteet\/kiillotus-ja-maalipinnan-korjaus\/","title":{"rendered":"Kiillotus ja Maalipinnan Korjaus"},"content":{"rendered":"","protected":false},"excerpt":{"rendered":"","protected":false},"author":11,"featured_media":25451,"parent":380,"menu_order":0,"comment_status":"closed","ping_status":"closed","template":"","meta":{"_acf_changed":false,"footnotes":""},"class_list":["post-1600","page","type-page","status-publish","has-post-thumbnail","hentry"],"acf":[],"yoast_head":"<!-- This site is optimized with the Yoast SEO plugin v27.3 - https:\/\/yoast.com\/product\/yoast-seo-wordpress\/ -->\n<title>Cartec Refinish - Kiillotus ja Maalipinnan Korjaus - Cartec World<\/title>\n<meta name=\"description\" content=\"T\u00e4ydellinen auton kiillotusaineiden j\u00e4rjestelm\u00e4 takaa 100 % hologrammittoman ja syv\u00e4n kiilt\u00e4v\u00e4n tuloksen. K\u00e4tev\u00e4ll\u00e4 Cartec Refinish -telineell\u00e4 ty\u00f6paikallesi.\" \/>\n<meta name=\"robots\" content=\"index, follow, max-snippet:-1, max-image-preview:large, max-video-preview:-1\" \/>\n<link rel=\"canonical\" href=\"https:\/\/cartecworld.com\/fi\/tuotteet\/kiillotus-ja-maalipinnan-korjaus\/\" \/>\n<meta property=\"og:locale\" content=\"fi_FI\" \/>\n<meta property=\"og:type\" content=\"article\" \/>\n<meta property=\"og:title\" content=\"Cartec Refinish - Kiillotus ja Maalipinnan Korjaus - Cartec World\" \/>\n<meta property=\"og:description\" content=\"T\u00e4ydellinen auton kiillotusaineiden j\u00e4rjestelm\u00e4 takaa 100 % hologrammittoman ja syv\u00e4n kiilt\u00e4v\u00e4n tuloksen. K\u00e4tev\u00e4ll\u00e4 Cartec Refinish -telineell\u00e4 ty\u00f6paikallesi.\" \/>\n<meta property=\"og:url\" content=\"https:\/\/cartecworld.com\/fi\/tuotteet\/kiillotus-ja-maalipinnan-korjaus\/\" \/>\n<meta property=\"og:site_name\" content=\"Cartec World\" \/>\n<meta property=\"article:publisher\" content=\"https:\/\/www.facebook.com\/CartecWorld\/\" \/>\n<meta property=\"article:modified_time\" content=\"2024-05-03T13:18:43+00:00\" \/>\n<meta property=\"og:image\" content=\"https:\/\/cartecworld.com\/wp-content\/uploads\/2024\/04\/Refinish-lineup-3.png\" \/>\n\t<meta property=\"og:image:width\" content=\"729\" \/>\n\t<meta property=\"og:image:height\" content=\"489\" \/>\n\t<meta property=\"og:image:type\" content=\"image\/png\" \/>\n<meta name=\"twitter:card\" content=\"summary_large_image\" \/>\n<meta name=\"twitter:site\" content=\"@cartecbv\" \/>\n<meta name=\"twitter:label1\" content=\"Arvioitu lukuaika\" \/>\n\t<meta name=\"twitter:data1\" content=\"1 minuutti\" \/>\n<script type=\"application\/ld+json\" class=\"yoast-schema-graph\">{\"@context\":\"https:\\\/\\\/schema.org\",\"@graph\":[{\"@type\":\"WebPage\",\"@id\":\"https:\\\/\\\/cartecworld.com\\\/fi\\\/tuotteet\\\/kiillotus-ja-maalipinnan-korjaus\\\/\",\"url\":\"https:\\\/\\\/cartecworld.com\\\/fi\\\/tuotteet\\\/kiillotus-ja-maalipinnan-korjaus\\\/\",\"name\":\"Cartec Refinish - Kiillotus ja Maalipinnan Korjaus - Cartec World\",\"isPartOf\":{\"@id\":\"https:\\\/\\\/cartecworld.com\\\/fi\\\/#website\"},\"primaryImageOfPage\":{\"@id\":\"https:\\\/\\\/cartecworld.com\\\/fi\\\/tuotteet\\\/kiillotus-ja-maalipinnan-korjaus\\\/#primaryimage\"},\"image\":{\"@id\":\"https:\\\/\\\/cartecworld.com\\\/fi\\\/tuotteet\\\/kiillotus-ja-maalipinnan-korjaus\\\/#primaryimage\"},\"thumbnailUrl\":\"https:\\\/\\\/cartecworld.com\\\/wp-content\\\/uploads\\\/2025\\\/04\\\/Refinish-N-Lineup.png\",\"datePublished\":\"2020-01-17T09:12:26+00:00\",\"dateModified\":\"2024-05-03T13:18:43+00:00\",\"description\":\"T\u00e4ydellinen auton kiillotusaineiden j\u00e4rjestelm\u00e4 takaa 100 % hologrammittoman ja syv\u00e4n kiilt\u00e4v\u00e4n tuloksen. K\u00e4tev\u00e4ll\u00e4 Cartec Refinish -telineell\u00e4 ty\u00f6paikallesi.\",\"breadcrumb\":{\"@id\":\"https:\\\/\\\/cartecworld.com\\\/fi\\\/tuotteet\\\/kiillotus-ja-maalipinnan-korjaus\\\/#breadcrumb\"},\"inLanguage\":\"fi\",\"potentialAction\":[{\"@type\":\"ReadAction\",\"target\":[\"https:\\\/\\\/cartecworld.com\\\/fi\\\/tuotteet\\\/kiillotus-ja-maalipinnan-korjaus\\\/\"]}]},{\"@type\":\"ImageObject\",\"inLanguage\":\"fi\",\"@id\":\"https:\\\/\\\/cartecworld.com\\\/fi\\\/tuotteet\\\/kiillotus-ja-maalipinnan-korjaus\\\/#primaryimage\",\"url\":\"https:\\\/\\\/cartecworld.com\\\/wp-content\\\/uploads\\\/2025\\\/04\\\/Refinish-N-Lineup.png\",\"contentUrl\":\"https:\\\/\\\/cartecworld.com\\\/wp-content\\\/uploads\\\/2025\\\/04\\\/Refinish-N-Lineup.png\",\"width\":1200,\"height\":575},{\"@type\":\"BreadcrumbList\",\"@id\":\"https:\\\/\\\/cartecworld.com\\\/fi\\\/tuotteet\\\/kiillotus-ja-maalipinnan-korjaus\\\/#breadcrumb\",\"itemListElement\":[{\"@type\":\"ListItem\",\"position\":1,\"name\":\"Tuotteet\",\"item\":\"https:\\\/\\\/cartecworld.com\\\/fi\\\/tuotteet\\\/\"},{\"@type\":\"ListItem\",\"position\":2,\"name\":\"Kiillotus ja Maalipinnan Korjaus\"}]},{\"@type\":\"WebSite\",\"@id\":\"https:\\\/\\\/cartecworld.com\\\/fi\\\/#website\",\"url\":\"https:\\\/\\\/cartecworld.com\\\/fi\\\/\",\"name\":\"Cartec World\",\"description\":\"\",\"publisher\":{\"@id\":\"https:\\\/\\\/cartecworld.com\\\/fi\\\/#organization\"},\"potentialAction\":[{\"@type\":\"SearchAction\",\"target\":{\"@type\":\"EntryPoint\",\"urlTemplate\":\"https:\\\/\\\/cartecworld.com\\\/fi\\\/?s={search_term_string}\"},\"query-input\":{\"@type\":\"PropertyValueSpecification\",\"valueRequired\":true,\"valueName\":\"search_term_string\"}}],\"inLanguage\":\"fi\"},{\"@type\":\"Organization\",\"@id\":\"https:\\\/\\\/cartecworld.com\\\/fi\\\/#organization\",\"name\":\"Cartec World\",\"alternateName\":\"Cartec\",\"url\":\"https:\\\/\\\/cartecworld.com\\\/fi\\\/\",\"logo\":{\"@type\":\"ImageObject\",\"inLanguage\":\"fi\",\"@id\":\"https:\\\/\\\/cartecworld.com\\\/fi\\\/#\\\/schema\\\/logo\\\/image\\\/\",\"url\":\"https:\\\/\\\/cartecworld.com\\\/wp-content\\\/uploads\\\/2023\\\/03\\\/ESL-Neutral-Wash-Shampoo-26.jpg\",\"contentUrl\":\"https:\\\/\\\/cartecworld.com\\\/wp-content\\\/uploads\\\/2023\\\/03\\\/ESL-Neutral-Wash-Shampoo-26.jpg\",\"width\":1200,\"height\":800,\"caption\":\"Cartec World\"},\"image\":{\"@id\":\"https:\\\/\\\/cartecworld.com\\\/fi\\\/#\\\/schema\\\/logo\\\/image\\\/\"},\"sameAs\":[\"https:\\\/\\\/www.facebook.com\\\/CartecWorld\\\/\",\"https:\\\/\\\/x.com\\\/cartecbv\",\"https:\\\/\\\/www.instagram.com\\\/cartecworld\\\/\",\"https:\\\/\\\/nl.linkedin.com\\\/company\\\/cartec-bv\",\"https:\\\/\\\/www.youtube.com\\\/channel\\\/UCr5Z1L1wZN4ZBm51QGG_0vQ\"]}]}<\/script>\n<!-- \/ Yoast SEO plugin. -->","yoast_head_json":{"title":"Cartec Refinish - Kiillotus ja Maalipinnan Korjaus - Cartec World","description":"T\u00e4ydellinen auton kiillotusaineiden j\u00e4rjestelm\u00e4 takaa 100 % hologrammittoman ja syv\u00e4n kiilt\u00e4v\u00e4n tuloksen. K\u00e4tev\u00e4ll\u00e4 Cartec Refinish -telineell\u00e4 ty\u00f6paikallesi.","robots":{"index":"index","follow":"follow","max-snippet":"max-snippet:-1","max-image-preview":"max-image-preview:large","max-video-preview":"max-video-preview:-1"},"canonical":"https:\/\/cartecworld.com\/fi\/tuotteet\/kiillotus-ja-maalipinnan-korjaus\/","og_locale":"fi_FI","og_type":"article","og_title":"Cartec Refinish - Kiillotus ja Maalipinnan Korjaus - Cartec World","og_description":"T\u00e4ydellinen auton kiillotusaineiden j\u00e4rjestelm\u00e4 takaa 100 % hologrammittoman ja syv\u00e4n kiilt\u00e4v\u00e4n tuloksen. K\u00e4tev\u00e4ll\u00e4 Cartec Refinish -telineell\u00e4 ty\u00f6paikallesi.","og_url":"https:\/\/cartecworld.com\/fi\/tuotteet\/kiillotus-ja-maalipinnan-korjaus\/","og_site_name":"Cartec World","article_publisher":"https:\/\/www.facebook.com\/CartecWorld\/","article_modified_time":"2024-05-03T13:18:43+00:00","og_image":[{"width":729,"height":489,"url":"https:\/\/cartecworld.com\/wp-content\/uploads\/2024\/04\/Refinish-lineup-3.png","type":"image\/png"}],"twitter_card":"summary_large_image","twitter_site":"@cartecbv","twitter_misc":{"Arvioitu lukuaika":"1 minuutti"},"schema":{"@context":"https:\/\/schema.org","@graph":[{"@type":"WebPage","@id":"https:\/\/cartecworld.com\/fi\/tuotteet\/kiillotus-ja-maalipinnan-korjaus\/","url":"https:\/\/cartecworld.com\/fi\/tuotteet\/kiillotus-ja-maalipinnan-korjaus\/","name":"Cartec Refinish - Kiillotus ja Maalipinnan Korjaus - Cartec World","isPartOf":{"@id":"https:\/\/cartecworld.com\/fi\/#website"},"primaryImageOfPage":{"@id":"https:\/\/cartecworld.com\/fi\/tuotteet\/kiillotus-ja-maalipinnan-korjaus\/#primaryimage"},"image":{"@id":"https:\/\/cartecworld.com\/fi\/tuotteet\/kiillotus-ja-maalipinnan-korjaus\/#primaryimage"},"thumbnailUrl":"https:\/\/cartecworld.com\/wp-content\/uploads\/2025\/04\/Refinish-N-Lineup.png","datePublished":"2020-01-17T09:12:26+00:00","dateModified":"2024-05-03T13:18:43+00:00","description":"T\u00e4ydellinen auton kiillotusaineiden j\u00e4rjestelm\u00e4 takaa 100 % hologrammittoman ja syv\u00e4n kiilt\u00e4v\u00e4n tuloksen. K\u00e4tev\u00e4ll\u00e4 Cartec Refinish -telineell\u00e4 ty\u00f6paikallesi.","breadcrumb":{"@id":"https:\/\/cartecworld.com\/fi\/tuotteet\/kiillotus-ja-maalipinnan-korjaus\/#breadcrumb"},"inLanguage":"fi","potentialAction":[{"@type":"ReadAction","target":["https:\/\/cartecworld.com\/fi\/tuotteet\/kiillotus-ja-maalipinnan-korjaus\/"]}]},{"@type":"ImageObject","inLanguage":"fi","@id":"https:\/\/cartecworld.com\/fi\/tuotteet\/kiillotus-ja-maalipinnan-korjaus\/#primaryimage","url":"https:\/\/cartecworld.com\/wp-content\/uploads\/2025\/04\/Refinish-N-Lineup.png","contentUrl":"https:\/\/cartecworld.com\/wp-content\/uploads\/2025\/04\/Refinish-N-Lineup.png","width":1200,"height":575},{"@type":"BreadcrumbList","@id":"https:\/\/cartecworld.com\/fi\/tuotteet\/kiillotus-ja-maalipinnan-korjaus\/#breadcrumb","itemListElement":[{"@type":"ListItem","position":1,"name":"Tuotteet","item":"https:\/\/cartecworld.com\/fi\/tuotteet\/"},{"@type":"ListItem","position":2,"name":"Kiillotus ja Maalipinnan Korjaus"}]},{"@type":"WebSite","@id":"https:\/\/cartecworld.com\/fi\/#website","url":"https:\/\/cartecworld.com\/fi\/","name":"Cartec World","description":"","publisher":{"@id":"https:\/\/cartecworld.com\/fi\/#organization"},"potentialAction":[{"@type":"SearchAction","target":{"@type":"EntryPoint","urlTemplate":"https:\/\/cartecworld.com\/fi\/?s={search_term_string}"},"query-input":{"@type":"PropertyValueSpecification","valueRequired":true,"valueName":"search_term_string"}}],"inLanguage":"fi"},{"@type":"Organization","@id":"https:\/\/cartecworld.com\/fi\/#organization","name":"Cartec World","alternateName":"Cartec","url":"https:\/\/cartecworld.com\/fi\/","logo":{"@type":"ImageObject","inLanguage":"fi","@id":"https:\/\/cartecworld.com\/fi\/#\/schema\/logo\/image\/","url":"https:\/\/cartecworld.com\/wp-content\/uploads\/2023\/03\/ESL-Neutral-Wash-Shampoo-26.jpg","contentUrl":"https:\/\/cartecworld.com\/wp-content\/uploads\/2023\/03\/ESL-Neutral-Wash-Shampoo-26.jpg","width":1200,"height":800,"caption":"Cartec World"},"image":{"@id":"https:\/\/cartecworld.com\/fi\/#\/schema\/logo\/image\/"},"sameAs":["https:\/\/www.facebook.com\/CartecWorld\/","https:\/\/x.com\/cartecbv","https:\/\/www.instagram.com\/cartecworld\/","https:\/\/nl.linkedin.com\/company\/cartec-bv","https:\/\/www.youtube.com\/channel\/UCr5Z1L1wZN4ZBm51QGG_0vQ"]}]}},"_links":{"self":[{"href":"https:\/\/cartecworld.com\/fi\/wp-json\/wp\/v2\/pages\/1600","targetHints":{"allow":["GET"]}}],"collection":[{"href":"https:\/\/cartecworld.com\/fi\/wp-json\/wp\/v2\/pages"}],"about":[{"href":"https:\/\/cartecworld.com\/fi\/wp-json\/wp\/v2\/types\/page"}],"author":[{"embeddable":true,"href":"https:\/\/cartecworld.com\/fi\/wp-json\/wp\/v2\/users\/11"}],"replies":[{"embeddable":true,"href":"https:\/\/cartecworld.com\/fi\/wp-json\/wp\/v2\/comments?post=1600"}],"version-history":[{"count":0,"href":"https:\/\/cartecworld.com\/fi\/wp-json\/wp\/v2\/pages\/1600\/revisions"}],"up":[{"embeddable":true,"href":"https:\/\/cartecworld.com\/fi\/wp-json\/wp\/v2\/pages\/380"}],"wp:featuredmedia":[{"embeddable":true,"href":"https:\/\/cartecworld.com\/fi\/wp-json\/wp\/v2\/media\/25451"}],"wp:attachment":[{"href":"https:\/\/cartecworld.com\/fi\/wp-json\/wp\/v2\/media?parent=1600"}],"curies":[{"name":"wp","href":"https:\/\/api.w.org\/{rel}","templated":true}]}}