{"id":1606,"date":"2020-01-17T10:12:19","date_gmt":"2020-01-17T09:12:19","guid":{"rendered":"https:\/\/cartecworld.com\/?page_id=1606"},"modified":"2024-11-29T09:33:11","modified_gmt":"2024-11-29T08:33:11","slug":"ceramic-guard","status":"publish","type":"page","link":"https:\/\/cartecworld.com\/fi\/tuotteet\/kestava-maalipinnan-suoja\/ceramic-guard\/","title":{"rendered":"Keraaminen suojus"},"content":{"rendered":"","protected":false},"excerpt":{"rendered":"","protected":false},"author":28,"featured_media":0,"parent":1602,"menu_order":0,"comment_status":"closed","ping_status":"closed","template":"","meta":{"_acf_changed":false,"footnotes":""},"class_list":["post-1606","page","type-page","status-publish","hentry"],"acf":[],"yoast_head":"<!-- This site is optimized with the Yoast SEO plugin v27.3 - https:\/\/yoast.com\/product\/yoast-seo-wordpress\/ -->\n<title>Keraaminen suojus: kest\u00e4v\u00e4 maalisuoja - L\u00e4pimurto nanoteknologiassa - Cartec World<\/title>\n<meta name=\"description\" content=\"Ainutlaatuinen tuote, joka perustuu SiCarbon + -molekyyliin. Vallankumouksellinen pinnoite, joka suojaa t\u00e4ydellisesti ja jolla on vahva vett\u00e4 ja likaa hylkiv\u00e4 vaikutus auton maaliin.\" \/>\n<meta name=\"robots\" content=\"index, follow, max-snippet:-1, max-image-preview:large, max-video-preview:-1\" \/>\n<link rel=\"canonical\" href=\"https:\/\/cartecworld.com\/fi\/tuotteet\/kestava-maalipinnan-suoja\/ceramic-guard\/\" \/>\n<meta property=\"og:locale\" content=\"fi_FI\" \/>\n<meta property=\"og:type\" content=\"article\" \/>\n<meta property=\"og:title\" content=\"Keraaminen suojus: kest\u00e4v\u00e4 maalisuoja - L\u00e4pimurto nanoteknologiassa - Cartec World\" \/>\n<meta property=\"og:description\" content=\"Ainutlaatuinen tuote, joka perustuu SiCarbon + -molekyyliin. Vallankumouksellinen pinnoite, joka suojaa t\u00e4ydellisesti ja jolla on vahva vett\u00e4 ja likaa hylkiv\u00e4 vaikutus auton maaliin.\" \/>\n<meta property=\"og:url\" content=\"https:\/\/cartecworld.com\/fi\/tuotteet\/kestava-maalipinnan-suoja\/ceramic-guard\/\" \/>\n<meta property=\"og:site_name\" content=\"Cartec World\" \/>\n<meta property=\"article:publisher\" content=\"https:\/\/www.facebook.com\/CartecWorld\/\" \/>\n<meta property=\"article:modified_time\" content=\"2024-11-29T08:33:11+00:00\" \/>\n<meta name=\"twitter:card\" content=\"summary_large_image\" \/>\n<meta name=\"twitter:site\" content=\"@cartecbv\" \/>\n<script type=\"application\/ld+json\" class=\"yoast-schema-graph\">{\"@context\":\"https:\\\/\\\/schema.org\",\"@graph\":[{\"@type\":\"WebPage\",\"@id\":\"https:\\\/\\\/cartecworld.com\\\/fi\\\/tuotteet\\\/kestava-maalipinnan-suoja\\\/ceramic-guard\\\/\",\"url\":\"https:\\\/\\\/cartecworld.com\\\/fi\\\/tuotteet\\\/kestava-maalipinnan-suoja\\\/ceramic-guard\\\/\",\"name\":\"Keraaminen suojus: kest\u00e4v\u00e4 maalisuoja - L\u00e4pimurto nanoteknologiassa - Cartec World\",\"isPartOf\":{\"@id\":\"https:\\\/\\\/cartecworld.com\\\/fi\\\/#website\"},\"datePublished\":\"2020-01-17T09:12:19+00:00\",\"dateModified\":\"2024-11-29T08:33:11+00:00\",\"description\":\"Ainutlaatuinen tuote, joka perustuu SiCarbon + -molekyyliin. Vallankumouksellinen pinnoite, joka suojaa t\u00e4ydellisesti ja jolla on vahva vett\u00e4 ja likaa hylkiv\u00e4 vaikutus auton maaliin.\",\"breadcrumb\":{\"@id\":\"https:\\\/\\\/cartecworld.com\\\/fi\\\/tuotteet\\\/kestava-maalipinnan-suoja\\\/ceramic-guard\\\/#breadcrumb\"},\"inLanguage\":\"fi\",\"potentialAction\":[{\"@type\":\"ReadAction\",\"target\":[\"https:\\\/\\\/cartecworld.com\\\/fi\\\/tuotteet\\\/kestava-maalipinnan-suoja\\\/ceramic-guard\\\/\"]}]},{\"@type\":\"BreadcrumbList\",\"@id\":\"https:\\\/\\\/cartecworld.com\\\/fi\\\/tuotteet\\\/kestava-maalipinnan-suoja\\\/ceramic-guard\\\/#breadcrumb\",\"itemListElement\":[{\"@type\":\"ListItem\",\"position\":1,\"name\":\"Tuotteet\",\"item\":\"https:\\\/\\\/cartecworld.com\\\/fi\\\/tuotteet\\\/\"},{\"@type\":\"ListItem\",\"position\":2,\"name\":\"Kest\u00e4v\u00e4 Maalipinnan Suoja\",\"item\":\"https:\\\/\\\/cartecworld.com\\\/fi\\\/tuotteet\\\/kestava-maalipinnan-suoja\\\/\"},{\"@type\":\"ListItem\",\"position\":3,\"name\":\"Keraaminen suojus\"}]},{\"@type\":\"WebSite\",\"@id\":\"https:\\\/\\\/cartecworld.com\\\/fi\\\/#website\",\"url\":\"https:\\\/\\\/cartecworld.com\\\/fi\\\/\",\"name\":\"Cartec World\",\"description\":\"\",\"publisher\":{\"@id\":\"https:\\\/\\\/cartecworld.com\\\/fi\\\/#organization\"},\"potentialAction\":[{\"@type\":\"SearchAction\",\"target\":{\"@type\":\"EntryPoint\",\"urlTemplate\":\"https:\\\/\\\/cartecworld.com\\\/fi\\\/?s={search_term_string}\"},\"query-input\":{\"@type\":\"PropertyValueSpecification\",\"valueRequired\":true,\"valueName\":\"search_term_string\"}}],\"inLanguage\":\"fi\"},{\"@type\":\"Organization\",\"@id\":\"https:\\\/\\\/cartecworld.com\\\/fi\\\/#organization\",\"name\":\"Cartec World\",\"alternateName\":\"Cartec\",\"url\":\"https:\\\/\\\/cartecworld.com\\\/fi\\\/\",\"logo\":{\"@type\":\"ImageObject\",\"inLanguage\":\"fi\",\"@id\":\"https:\\\/\\\/cartecworld.com\\\/fi\\\/#\\\/schema\\\/logo\\\/image\\\/\",\"url\":\"https:\\\/\\\/cartecworld.com\\\/wp-content\\\/uploads\\\/2023\\\/03\\\/ESL-Neutral-Wash-Shampoo-26.jpg\",\"contentUrl\":\"https:\\\/\\\/cartecworld.com\\\/wp-content\\\/uploads\\\/2023\\\/03\\\/ESL-Neutral-Wash-Shampoo-26.jpg\",\"width\":1200,\"height\":800,\"caption\":\"Cartec World\"},\"image\":{\"@id\":\"https:\\\/\\\/cartecworld.com\\\/fi\\\/#\\\/schema\\\/logo\\\/image\\\/\"},\"sameAs\":[\"https:\\\/\\\/www.facebook.com\\\/CartecWorld\\\/\",\"https:\\\/\\\/x.com\\\/cartecbv\",\"https:\\\/\\\/www.instagram.com\\\/cartecworld\\\/\",\"https:\\\/\\\/nl.linkedin.com\\\/company\\\/cartec-bv\",\"https:\\\/\\\/www.youtube.com\\\/channel\\\/UCr5Z1L1wZN4ZBm51QGG_0vQ\"]}]}<\/script>\n<!-- \/ Yoast SEO plugin. -->","yoast_head_json":{"title":"Keraaminen suojus: kest\u00e4v\u00e4 maalisuoja - L\u00e4pimurto nanoteknologiassa - Cartec World","description":"Ainutlaatuinen tuote, joka perustuu SiCarbon + -molekyyliin. Vallankumouksellinen pinnoite, joka suojaa t\u00e4ydellisesti ja jolla on vahva vett\u00e4 ja likaa hylkiv\u00e4 vaikutus auton maaliin.","robots":{"index":"index","follow":"follow","max-snippet":"max-snippet:-1","max-image-preview":"max-image-preview:large","max-video-preview":"max-video-preview:-1"},"canonical":"https:\/\/cartecworld.com\/fi\/tuotteet\/kestava-maalipinnan-suoja\/ceramic-guard\/","og_locale":"fi_FI","og_type":"article","og_title":"Keraaminen suojus: kest\u00e4v\u00e4 maalisuoja - L\u00e4pimurto nanoteknologiassa - Cartec World","og_description":"Ainutlaatuinen tuote, joka perustuu SiCarbon + -molekyyliin. Vallankumouksellinen pinnoite, joka suojaa t\u00e4ydellisesti ja jolla on vahva vett\u00e4 ja likaa hylkiv\u00e4 vaikutus auton maaliin.","og_url":"https:\/\/cartecworld.com\/fi\/tuotteet\/kestava-maalipinnan-suoja\/ceramic-guard\/","og_site_name":"Cartec World","article_publisher":"https:\/\/www.facebook.com\/CartecWorld\/","article_modified_time":"2024-11-29T08:33:11+00:00","twitter_card":"summary_large_image","twitter_site":"@cartecbv","schema":{"@context":"https:\/\/schema.org","@graph":[{"@type":"WebPage","@id":"https:\/\/cartecworld.com\/fi\/tuotteet\/kestava-maalipinnan-suoja\/ceramic-guard\/","url":"https:\/\/cartecworld.com\/fi\/tuotteet\/kestava-maalipinnan-suoja\/ceramic-guard\/","name":"Keraaminen suojus: kest\u00e4v\u00e4 maalisuoja - L\u00e4pimurto nanoteknologiassa - Cartec World","isPartOf":{"@id":"https:\/\/cartecworld.com\/fi\/#website"},"datePublished":"2020-01-17T09:12:19+00:00","dateModified":"2024-11-29T08:33:11+00:00","description":"Ainutlaatuinen tuote, joka perustuu SiCarbon + -molekyyliin. Vallankumouksellinen pinnoite, joka suojaa t\u00e4ydellisesti ja jolla on vahva vett\u00e4 ja likaa hylkiv\u00e4 vaikutus auton maaliin.","breadcrumb":{"@id":"https:\/\/cartecworld.com\/fi\/tuotteet\/kestava-maalipinnan-suoja\/ceramic-guard\/#breadcrumb"},"inLanguage":"fi","potentialAction":[{"@type":"ReadAction","target":["https:\/\/cartecworld.com\/fi\/tuotteet\/kestava-maalipinnan-suoja\/ceramic-guard\/"]}]},{"@type":"BreadcrumbList","@id":"https:\/\/cartecworld.com\/fi\/tuotteet\/kestava-maalipinnan-suoja\/ceramic-guard\/#breadcrumb","itemListElement":[{"@type":"ListItem","position":1,"name":"Tuotteet","item":"https:\/\/cartecworld.com\/fi\/tuotteet\/"},{"@type":"ListItem","position":2,"name":"Kest\u00e4v\u00e4 Maalipinnan Suoja","item":"https:\/\/cartecworld.com\/fi\/tuotteet\/kestava-maalipinnan-suoja\/"},{"@type":"ListItem","position":3,"name":"Keraaminen suojus"}]},{"@type":"WebSite","@id":"https:\/\/cartecworld.com\/fi\/#website","url":"https:\/\/cartecworld.com\/fi\/","name":"Cartec World","description":"","publisher":{"@id":"https:\/\/cartecworld.com\/fi\/#organization"},"potentialAction":[{"@type":"SearchAction","target":{"@type":"EntryPoint","urlTemplate":"https:\/\/cartecworld.com\/fi\/?s={search_term_string}"},"query-input":{"@type":"PropertyValueSpecification","valueRequired":true,"valueName":"search_term_string"}}],"inLanguage":"fi"},{"@type":"Organization","@id":"https:\/\/cartecworld.com\/fi\/#organization","name":"Cartec World","alternateName":"Cartec","url":"https:\/\/cartecworld.com\/fi\/","logo":{"@type":"ImageObject","inLanguage":"fi","@id":"https:\/\/cartecworld.com\/fi\/#\/schema\/logo\/image\/","url":"https:\/\/cartecworld.com\/wp-content\/uploads\/2023\/03\/ESL-Neutral-Wash-Shampoo-26.jpg","contentUrl":"https:\/\/cartecworld.com\/wp-content\/uploads\/2023\/03\/ESL-Neutral-Wash-Shampoo-26.jpg","width":1200,"height":800,"caption":"Cartec World"},"image":{"@id":"https:\/\/cartecworld.com\/fi\/#\/schema\/logo\/image\/"},"sameAs":["https:\/\/www.facebook.com\/CartecWorld\/","https:\/\/x.com\/cartecbv","https:\/\/www.instagram.com\/cartecworld\/","https:\/\/nl.linkedin.com\/company\/cartec-bv","https:\/\/www.youtube.com\/channel\/UCr5Z1L1wZN4ZBm51QGG_0vQ"]}]}},"_links":{"self":[{"href":"https:\/\/cartecworld.com\/fi\/wp-json\/wp\/v2\/pages\/1606","targetHints":{"allow":["GET"]}}],"collection":[{"href":"https:\/\/cartecworld.com\/fi\/wp-json\/wp\/v2\/pages"}],"about":[{"href":"https:\/\/cartecworld.com\/fi\/wp-json\/wp\/v2\/types\/page"}],"author":[{"embeddable":true,"href":"https:\/\/cartecworld.com\/fi\/wp-json\/wp\/v2\/users\/28"}],"replies":[{"embeddable":true,"href":"https:\/\/cartecworld.com\/fi\/wp-json\/wp\/v2\/comments?post=1606"}],"version-history":[{"count":0,"href":"https:\/\/cartecworld.com\/fi\/wp-json\/wp\/v2\/pages\/1606\/revisions"}],"up":[{"embeddable":true,"href":"https:\/\/cartecworld.com\/fi\/wp-json\/wp\/v2\/pages\/1602"}],"wp:attachment":[{"href":"https:\/\/cartecworld.com\/fi\/wp-json\/wp\/v2\/media?parent=1606"}],"curies":[{"name":"wp","href":"https:\/\/api.w.org\/{rel}","templated":true}]}}