{"id":2361,"date":"2020-02-19T09:54:33","date_gmt":"2020-02-19T08:54:33","guid":{"rendered":"https:\/\/cartecworld.com\/?page_id=2361"},"modified":"2025-07-24T11:16:51","modified_gmt":"2025-07-24T09:16:51","slug":"tietosuojakaytanto","status":"publish","type":"page","link":"https:\/\/cartecworld.com\/fi\/tietosuojakaytanto\/","title":{"rendered":"Tietosuojak\u00e4yt\u00e4nt\u00f6"},"content":{"rendered":"","protected":false},"excerpt":{"rendered":"","protected":false},"author":28,"featured_media":0,"parent":0,"menu_order":0,"comment_status":"closed","ping_status":"open","template":"","meta":{"_acf_changed":false,"footnotes":""},"class_list":["post-2361","page","type-page","status-publish","hentry"],"acf":[],"yoast_head":"<!-- This site is optimized with the Yoast SEO plugin v27.3 - https:\/\/yoast.com\/product\/yoast-seo-wordpress\/ -->\n<title>Tietosuojak\u00e4yt\u00e4nt\u00f6 - Cartec World<\/title>\n<meta name=\"description\" content=\"T\u00e4ll\u00e4 sivulla kerrotaan sinulle k\u00e4yt\u00e4nn\u00f6ist\u00e4mme, jotka koskevat henkil\u00f6tietojen ker\u00e4\u00e4mist\u00e4, k\u00e4ytt\u00f6\u00e4 ja luovuttamista, kun k\u00e4yt\u00e4t palvelua, sek\u00e4 n\u00e4ihin tietoihin liittyvist\u00e4 valinnoista.\" \/>\n<meta name=\"robots\" content=\"noindex, follow\" \/>\n<meta property=\"og:locale\" content=\"fi_FI\" \/>\n<meta property=\"og:type\" content=\"article\" \/>\n<meta property=\"og:title\" content=\"Tietosuojak\u00e4yt\u00e4nt\u00f6 - Cartec World\" \/>\n<meta property=\"og:description\" content=\"T\u00e4ll\u00e4 sivulla kerrotaan sinulle k\u00e4yt\u00e4nn\u00f6ist\u00e4mme, jotka koskevat henkil\u00f6tietojen ker\u00e4\u00e4mist\u00e4, k\u00e4ytt\u00f6\u00e4 ja luovuttamista, kun k\u00e4yt\u00e4t palvelua, sek\u00e4 n\u00e4ihin tietoihin liittyvist\u00e4 valinnoista.\" \/>\n<meta property=\"og:url\" content=\"https:\/\/cartecworld.com\/privacy-policy\/\" \/>\n<meta property=\"og:site_name\" content=\"Cartec World\" \/>\n<meta property=\"article:publisher\" content=\"https:\/\/www.facebook.com\/CartecWorld\/\" \/>\n<meta property=\"article:modified_time\" content=\"2025-07-24T09:16:51+00:00\" \/>\n<meta name=\"twitter:card\" content=\"summary_large_image\" \/>\n<meta name=\"twitter:site\" content=\"@cartecbv\" \/>\n<script type=\"application\/ld+json\" class=\"yoast-schema-graph\">{\"@context\":\"https:\\\/\\\/schema.org\",\"@graph\":[{\"@type\":\"WebPage\",\"@id\":\"https:\\\/\\\/cartecworld.com\\\/fi\\\/tietosuojakaytanto\\\/\",\"url\":\"https:\\\/\\\/cartecworld.com\\\/privacy-policy\\\/\",\"name\":\"Tietosuojak\u00e4yt\u00e4nt\u00f6 - Cartec World\",\"isPartOf\":{\"@id\":\"https:\\\/\\\/cartecworld.com\\\/fi\\\/#website\"},\"datePublished\":\"2020-02-19T08:54:33+00:00\",\"dateModified\":\"2025-07-24T09:16:51+00:00\",\"description\":\"T\u00e4ll\u00e4 sivulla kerrotaan sinulle k\u00e4yt\u00e4nn\u00f6ist\u00e4mme, jotka koskevat henkil\u00f6tietojen ker\u00e4\u00e4mist\u00e4, k\u00e4ytt\u00f6\u00e4 ja luovuttamista, kun k\u00e4yt\u00e4t palvelua, sek\u00e4 n\u00e4ihin tietoihin liittyvist\u00e4 valinnoista.\",\"inLanguage\":\"fi\",\"potentialAction\":[{\"@type\":\"ReadAction\",\"target\":[\"https:\\\/\\\/cartecworld.com\\\/privacy-policy\\\/\"]}]},{\"@type\":\"WebSite\",\"@id\":\"https:\\\/\\\/cartecworld.com\\\/fi\\\/#website\",\"url\":\"https:\\\/\\\/cartecworld.com\\\/fi\\\/\",\"name\":\"Cartec World\",\"description\":\"\",\"publisher\":{\"@id\":\"https:\\\/\\\/cartecworld.com\\\/fi\\\/#organization\"},\"potentialAction\":[{\"@type\":\"SearchAction\",\"target\":{\"@type\":\"EntryPoint\",\"urlTemplate\":\"https:\\\/\\\/cartecworld.com\\\/fi\\\/?s={search_term_string}\"},\"query-input\":{\"@type\":\"PropertyValueSpecification\",\"valueRequired\":true,\"valueName\":\"search_term_string\"}}],\"inLanguage\":\"fi\"},{\"@type\":\"Organization\",\"@id\":\"https:\\\/\\\/cartecworld.com\\\/fi\\\/#organization\",\"name\":\"Cartec World\",\"alternateName\":\"Cartec\",\"url\":\"https:\\\/\\\/cartecworld.com\\\/fi\\\/\",\"logo\":{\"@type\":\"ImageObject\",\"inLanguage\":\"fi\",\"@id\":\"https:\\\/\\\/cartecworld.com\\\/fi\\\/#\\\/schema\\\/logo\\\/image\\\/\",\"url\":\"https:\\\/\\\/cartecworld.com\\\/wp-content\\\/uploads\\\/2023\\\/03\\\/ESL-Neutral-Wash-Shampoo-26.jpg\",\"contentUrl\":\"https:\\\/\\\/cartecworld.com\\\/wp-content\\\/uploads\\\/2023\\\/03\\\/ESL-Neutral-Wash-Shampoo-26.jpg\",\"width\":1200,\"height\":800,\"caption\":\"Cartec World\"},\"image\":{\"@id\":\"https:\\\/\\\/cartecworld.com\\\/fi\\\/#\\\/schema\\\/logo\\\/image\\\/\"},\"sameAs\":[\"https:\\\/\\\/www.facebook.com\\\/CartecWorld\\\/\",\"https:\\\/\\\/x.com\\\/cartecbv\",\"https:\\\/\\\/www.instagram.com\\\/cartecworld\\\/\",\"https:\\\/\\\/nl.linkedin.com\\\/company\\\/cartec-bv\",\"https:\\\/\\\/www.youtube.com\\\/channel\\\/UCr5Z1L1wZN4ZBm51QGG_0vQ\"]}]}<\/script>\n<!-- \/ Yoast SEO plugin. -->","yoast_head_json":{"title":"Tietosuojak\u00e4yt\u00e4nt\u00f6 - Cartec World","description":"T\u00e4ll\u00e4 sivulla kerrotaan sinulle k\u00e4yt\u00e4nn\u00f6ist\u00e4mme, jotka koskevat henkil\u00f6tietojen ker\u00e4\u00e4mist\u00e4, k\u00e4ytt\u00f6\u00e4 ja luovuttamista, kun k\u00e4yt\u00e4t palvelua, sek\u00e4 n\u00e4ihin tietoihin liittyvist\u00e4 valinnoista.","robots":{"index":"noindex","follow":"follow"},"og_locale":"fi_FI","og_type":"article","og_title":"Tietosuojak\u00e4yt\u00e4nt\u00f6 - Cartec World","og_description":"T\u00e4ll\u00e4 sivulla kerrotaan sinulle k\u00e4yt\u00e4nn\u00f6ist\u00e4mme, jotka koskevat henkil\u00f6tietojen ker\u00e4\u00e4mist\u00e4, k\u00e4ytt\u00f6\u00e4 ja luovuttamista, kun k\u00e4yt\u00e4t palvelua, sek\u00e4 n\u00e4ihin tietoihin liittyvist\u00e4 valinnoista.","og_url":"https:\/\/cartecworld.com\/privacy-policy\/","og_site_name":"Cartec World","article_publisher":"https:\/\/www.facebook.com\/CartecWorld\/","article_modified_time":"2025-07-24T09:16:51+00:00","twitter_card":"summary_large_image","twitter_site":"@cartecbv","schema":{"@context":"https:\/\/schema.org","@graph":[{"@type":"WebPage","@id":"https:\/\/cartecworld.com\/fi\/tietosuojakaytanto\/","url":"https:\/\/cartecworld.com\/privacy-policy\/","name":"Tietosuojak\u00e4yt\u00e4nt\u00f6 - Cartec World","isPartOf":{"@id":"https:\/\/cartecworld.com\/fi\/#website"},"datePublished":"2020-02-19T08:54:33+00:00","dateModified":"2025-07-24T09:16:51+00:00","description":"T\u00e4ll\u00e4 sivulla kerrotaan sinulle k\u00e4yt\u00e4nn\u00f6ist\u00e4mme, jotka koskevat henkil\u00f6tietojen ker\u00e4\u00e4mist\u00e4, k\u00e4ytt\u00f6\u00e4 ja luovuttamista, kun k\u00e4yt\u00e4t palvelua, sek\u00e4 n\u00e4ihin tietoihin liittyvist\u00e4 valinnoista.","inLanguage":"fi","potentialAction":[{"@type":"ReadAction","target":["https:\/\/cartecworld.com\/privacy-policy\/"]}]},{"@type":"WebSite","@id":"https:\/\/cartecworld.com\/fi\/#website","url":"https:\/\/cartecworld.com\/fi\/","name":"Cartec World","description":"","publisher":{"@id":"https:\/\/cartecworld.com\/fi\/#organization"},"potentialAction":[{"@type":"SearchAction","target":{"@type":"EntryPoint","urlTemplate":"https:\/\/cartecworld.com\/fi\/?s={search_term_string}"},"query-input":{"@type":"PropertyValueSpecification","valueRequired":true,"valueName":"search_term_string"}}],"inLanguage":"fi"},{"@type":"Organization","@id":"https:\/\/cartecworld.com\/fi\/#organization","name":"Cartec World","alternateName":"Cartec","url":"https:\/\/cartecworld.com\/fi\/","logo":{"@type":"ImageObject","inLanguage":"fi","@id":"https:\/\/cartecworld.com\/fi\/#\/schema\/logo\/image\/","url":"https:\/\/cartecworld.com\/wp-content\/uploads\/2023\/03\/ESL-Neutral-Wash-Shampoo-26.jpg","contentUrl":"https:\/\/cartecworld.com\/wp-content\/uploads\/2023\/03\/ESL-Neutral-Wash-Shampoo-26.jpg","width":1200,"height":800,"caption":"Cartec World"},"image":{"@id":"https:\/\/cartecworld.com\/fi\/#\/schema\/logo\/image\/"},"sameAs":["https:\/\/www.facebook.com\/CartecWorld\/","https:\/\/x.com\/cartecbv","https:\/\/www.instagram.com\/cartecworld\/","https:\/\/nl.linkedin.com\/company\/cartec-bv","https:\/\/www.youtube.com\/channel\/UCr5Z1L1wZN4ZBm51QGG_0vQ"]}]}},"_links":{"self":[{"href":"https:\/\/cartecworld.com\/fi\/wp-json\/wp\/v2\/pages\/2361","targetHints":{"allow":["GET"]}}],"collection":[{"href":"https:\/\/cartecworld.com\/fi\/wp-json\/wp\/v2\/pages"}],"about":[{"href":"https:\/\/cartecworld.com\/fi\/wp-json\/wp\/v2\/types\/page"}],"author":[{"embeddable":true,"href":"https:\/\/cartecworld.com\/fi\/wp-json\/wp\/v2\/users\/28"}],"replies":[{"embeddable":true,"href":"https:\/\/cartecworld.com\/fi\/wp-json\/wp\/v2\/comments?post=2361"}],"version-history":[{"count":1,"href":"https:\/\/cartecworld.com\/fi\/wp-json\/wp\/v2\/pages\/2361\/revisions"}],"predecessor-version":[{"id":31760,"href":"https:\/\/cartecworld.com\/fi\/wp-json\/wp\/v2\/pages\/2361\/revisions\/31760"}],"wp:attachment":[{"href":"https:\/\/cartecworld.com\/fi\/wp-json\/wp\/v2\/media?parent=2361"}],"curies":[{"name":"wp","href":"https:\/\/api.w.org\/{rel}","templated":true}]}}