{"id":2177,"date":"2020-02-17T11:26:04","date_gmt":"2020-02-17T10:26:04","guid":{"rendered":"https:\/\/cartecworld.com\/?page_id=2177"},"modified":"2022-10-21T16:28:46","modified_gmt":"2022-10-21T14:28:46","slug":"wax-guard","status":"publish","type":"page","link":"https:\/\/cartecworld.com\/fr\/des-produits\/protection-durable-de-la-peinture\/wax-guard\/","title":{"rendered":"Wax Guard"},"content":{"rendered":"","protected":false},"excerpt":{"rendered":"","protected":false},"author":28,"featured_media":0,"parent":2166,"menu_order":0,"comment_status":"closed","ping_status":"closed","template":"","meta":{"_acf_changed":false,"footnotes":""},"class_list":["post-2177","page","type-page","status-publish","hentry"],"acf":[],"yoast_head":"<!-- This site is optimized with the Yoast SEO plugin v27.3 - https:\/\/yoast.com\/product\/yoast-seo-wordpress\/ -->\n<title>Wax Guard: protection durable de la peinture automobile - Cartec World<\/title>\n<meta name=\"description\" content=\"Scellant pour vernis automobile unique \u00e0 base de cires et polym\u00e8res de haute qualit\u00e9. Donne un \u00e9clat visiblement plus \u00e9lev\u00e9 et plus profond \u00e0 la peinture automobile. Prot\u00e8ge contre la salet\u00e9 et les intemp\u00e9ries.\" \/>\n<meta name=\"robots\" content=\"index, follow, max-snippet:-1, max-image-preview:large, max-video-preview:-1\" \/>\n<link rel=\"canonical\" href=\"https:\/\/cartecworld.com\/fr\/des-produits\/protection-durable-de-la-peinture\/wax-guard\/\" \/>\n<meta property=\"og:locale\" content=\"fr_FR\" \/>\n<meta property=\"og:type\" content=\"article\" \/>\n<meta property=\"og:title\" content=\"Wax Guard: protection durable de la peinture automobile - Cartec World\" \/>\n<meta property=\"og:description\" content=\"Scellant pour vernis automobile unique \u00e0 base de cires et polym\u00e8res de haute qualit\u00e9. Donne un \u00e9clat visiblement plus \u00e9lev\u00e9 et plus profond \u00e0 la peinture automobile. Prot\u00e8ge contre la salet\u00e9 et les intemp\u00e9ries.\" \/>\n<meta property=\"og:url\" content=\"https:\/\/cartecworld.com\/fr\/des-produits\/protection-durable-de-la-peinture\/wax-guard\/\" \/>\n<meta property=\"og:site_name\" content=\"Cartec World\" \/>\n<meta property=\"article:publisher\" content=\"https:\/\/www.facebook.com\/CartecWorld\/\" \/>\n<meta property=\"article:modified_time\" content=\"2022-10-21T14:28:46+00:00\" \/>\n<meta name=\"twitter:card\" content=\"summary_large_image\" \/>\n<meta name=\"twitter:site\" content=\"@cartecbv\" \/>\n<script type=\"application\/ld+json\" class=\"yoast-schema-graph\">{\"@context\":\"https:\\\/\\\/schema.org\",\"@graph\":[{\"@type\":\"WebPage\",\"@id\":\"https:\\\/\\\/cartecworld.com\\\/fr\\\/des-produits\\\/protection-durable-de-la-peinture\\\/wax-guard\\\/\",\"url\":\"https:\\\/\\\/cartecworld.com\\\/fr\\\/des-produits\\\/protection-durable-de-la-peinture\\\/wax-guard\\\/\",\"name\":\"Wax Guard: protection durable de la peinture automobile - Cartec World\",\"isPartOf\":{\"@id\":\"https:\\\/\\\/cartecworld.com\\\/fr\\\/#website\"},\"datePublished\":\"2020-02-17T10:26:04+00:00\",\"dateModified\":\"2022-10-21T14:28:46+00:00\",\"description\":\"Scellant pour vernis automobile unique \u00e0 base de cires et polym\u00e8res de haute qualit\u00e9. Donne un \u00e9clat visiblement plus \u00e9lev\u00e9 et plus profond \u00e0 la peinture automobile. Prot\u00e8ge contre la salet\u00e9 et les intemp\u00e9ries.\",\"breadcrumb\":{\"@id\":\"https:\\\/\\\/cartecworld.com\\\/fr\\\/des-produits\\\/protection-durable-de-la-peinture\\\/wax-guard\\\/#breadcrumb\"},\"inLanguage\":\"fr-FR\",\"potentialAction\":[{\"@type\":\"ReadAction\",\"target\":[\"https:\\\/\\\/cartecworld.com\\\/fr\\\/des-produits\\\/protection-durable-de-la-peinture\\\/wax-guard\\\/\"]}]},{\"@type\":\"BreadcrumbList\",\"@id\":\"https:\\\/\\\/cartecworld.com\\\/fr\\\/des-produits\\\/protection-durable-de-la-peinture\\\/wax-guard\\\/#breadcrumb\",\"itemListElement\":[{\"@type\":\"ListItem\",\"position\":1,\"name\":\"Produits\",\"item\":\"https:\\\/\\\/cartecworld.com\\\/fr\\\/des-produits\\\/\"},{\"@type\":\"ListItem\",\"position\":2,\"name\":\"Protection Durable de la Peinture\",\"item\":\"https:\\\/\\\/cartecworld.com\\\/fr\\\/des-produits\\\/protection-durable-de-la-peinture\\\/\"},{\"@type\":\"ListItem\",\"position\":3,\"name\":\"Wax Guard\"}]},{\"@type\":\"WebSite\",\"@id\":\"https:\\\/\\\/cartecworld.com\\\/fr\\\/#website\",\"url\":\"https:\\\/\\\/cartecworld.com\\\/fr\\\/\",\"name\":\"Cartec World\",\"description\":\"\",\"publisher\":{\"@id\":\"https:\\\/\\\/cartecworld.com\\\/fr\\\/#organization\"},\"potentialAction\":[{\"@type\":\"SearchAction\",\"target\":{\"@type\":\"EntryPoint\",\"urlTemplate\":\"https:\\\/\\\/cartecworld.com\\\/fr\\\/?s={search_term_string}\"},\"query-input\":{\"@type\":\"PropertyValueSpecification\",\"valueRequired\":true,\"valueName\":\"search_term_string\"}}],\"inLanguage\":\"fr-FR\"},{\"@type\":\"Organization\",\"@id\":\"https:\\\/\\\/cartecworld.com\\\/fr\\\/#organization\",\"name\":\"Cartec World\",\"alternateName\":\"Cartec\",\"url\":\"https:\\\/\\\/cartecworld.com\\\/fr\\\/\",\"logo\":{\"@type\":\"ImageObject\",\"inLanguage\":\"fr-FR\",\"@id\":\"https:\\\/\\\/cartecworld.com\\\/fr\\\/#\\\/schema\\\/logo\\\/image\\\/\",\"url\":\"https:\\\/\\\/cartecworld.com\\\/wp-content\\\/uploads\\\/2023\\\/03\\\/ESL-Neutral-Wash-Shampoo-26.jpg\",\"contentUrl\":\"https:\\\/\\\/cartecworld.com\\\/wp-content\\\/uploads\\\/2023\\\/03\\\/ESL-Neutral-Wash-Shampoo-26.jpg\",\"width\":1200,\"height\":800,\"caption\":\"Cartec World\"},\"image\":{\"@id\":\"https:\\\/\\\/cartecworld.com\\\/fr\\\/#\\\/schema\\\/logo\\\/image\\\/\"},\"sameAs\":[\"https:\\\/\\\/www.facebook.com\\\/CartecWorld\\\/\",\"https:\\\/\\\/x.com\\\/cartecbv\",\"https:\\\/\\\/www.instagram.com\\\/cartecworld\\\/\",\"https:\\\/\\\/nl.linkedin.com\\\/company\\\/cartec-bv\",\"https:\\\/\\\/www.youtube.com\\\/channel\\\/UCr5Z1L1wZN4ZBm51QGG_0vQ\"]}]}<\/script>\n<!-- \/ Yoast SEO plugin. -->","yoast_head_json":{"title":"Wax Guard: protection durable de la peinture automobile - Cartec World","description":"Scellant pour vernis automobile unique \u00e0 base de cires et polym\u00e8res de haute qualit\u00e9. Donne un \u00e9clat visiblement plus \u00e9lev\u00e9 et plus profond \u00e0 la peinture automobile. Prot\u00e8ge contre la salet\u00e9 et les intemp\u00e9ries.","robots":{"index":"index","follow":"follow","max-snippet":"max-snippet:-1","max-image-preview":"max-image-preview:large","max-video-preview":"max-video-preview:-1"},"canonical":"https:\/\/cartecworld.com\/fr\/des-produits\/protection-durable-de-la-peinture\/wax-guard\/","og_locale":"fr_FR","og_type":"article","og_title":"Wax Guard: protection durable de la peinture automobile - Cartec World","og_description":"Scellant pour vernis automobile unique \u00e0 base de cires et polym\u00e8res de haute qualit\u00e9. Donne un \u00e9clat visiblement plus \u00e9lev\u00e9 et plus profond \u00e0 la peinture automobile. Prot\u00e8ge contre la salet\u00e9 et les intemp\u00e9ries.","og_url":"https:\/\/cartecworld.com\/fr\/des-produits\/protection-durable-de-la-peinture\/wax-guard\/","og_site_name":"Cartec World","article_publisher":"https:\/\/www.facebook.com\/CartecWorld\/","article_modified_time":"2022-10-21T14:28:46+00:00","twitter_card":"summary_large_image","twitter_site":"@cartecbv","schema":{"@context":"https:\/\/schema.org","@graph":[{"@type":"WebPage","@id":"https:\/\/cartecworld.com\/fr\/des-produits\/protection-durable-de-la-peinture\/wax-guard\/","url":"https:\/\/cartecworld.com\/fr\/des-produits\/protection-durable-de-la-peinture\/wax-guard\/","name":"Wax Guard: protection durable de la peinture automobile - Cartec World","isPartOf":{"@id":"https:\/\/cartecworld.com\/fr\/#website"},"datePublished":"2020-02-17T10:26:04+00:00","dateModified":"2022-10-21T14:28:46+00:00","description":"Scellant pour vernis automobile unique \u00e0 base de cires et polym\u00e8res de haute qualit\u00e9. Donne un \u00e9clat visiblement plus \u00e9lev\u00e9 et plus profond \u00e0 la peinture automobile. Prot\u00e8ge contre la salet\u00e9 et les intemp\u00e9ries.","breadcrumb":{"@id":"https:\/\/cartecworld.com\/fr\/des-produits\/protection-durable-de-la-peinture\/wax-guard\/#breadcrumb"},"inLanguage":"fr-FR","potentialAction":[{"@type":"ReadAction","target":["https:\/\/cartecworld.com\/fr\/des-produits\/protection-durable-de-la-peinture\/wax-guard\/"]}]},{"@type":"BreadcrumbList","@id":"https:\/\/cartecworld.com\/fr\/des-produits\/protection-durable-de-la-peinture\/wax-guard\/#breadcrumb","itemListElement":[{"@type":"ListItem","position":1,"name":"Produits","item":"https:\/\/cartecworld.com\/fr\/des-produits\/"},{"@type":"ListItem","position":2,"name":"Protection Durable de la Peinture","item":"https:\/\/cartecworld.com\/fr\/des-produits\/protection-durable-de-la-peinture\/"},{"@type":"ListItem","position":3,"name":"Wax Guard"}]},{"@type":"WebSite","@id":"https:\/\/cartecworld.com\/fr\/#website","url":"https:\/\/cartecworld.com\/fr\/","name":"Cartec World","description":"","publisher":{"@id":"https:\/\/cartecworld.com\/fr\/#organization"},"potentialAction":[{"@type":"SearchAction","target":{"@type":"EntryPoint","urlTemplate":"https:\/\/cartecworld.com\/fr\/?s={search_term_string}"},"query-input":{"@type":"PropertyValueSpecification","valueRequired":true,"valueName":"search_term_string"}}],"inLanguage":"fr-FR"},{"@type":"Organization","@id":"https:\/\/cartecworld.com\/fr\/#organization","name":"Cartec World","alternateName":"Cartec","url":"https:\/\/cartecworld.com\/fr\/","logo":{"@type":"ImageObject","inLanguage":"fr-FR","@id":"https:\/\/cartecworld.com\/fr\/#\/schema\/logo\/image\/","url":"https:\/\/cartecworld.com\/wp-content\/uploads\/2023\/03\/ESL-Neutral-Wash-Shampoo-26.jpg","contentUrl":"https:\/\/cartecworld.com\/wp-content\/uploads\/2023\/03\/ESL-Neutral-Wash-Shampoo-26.jpg","width":1200,"height":800,"caption":"Cartec World"},"image":{"@id":"https:\/\/cartecworld.com\/fr\/#\/schema\/logo\/image\/"},"sameAs":["https:\/\/www.facebook.com\/CartecWorld\/","https:\/\/x.com\/cartecbv","https:\/\/www.instagram.com\/cartecworld\/","https:\/\/nl.linkedin.com\/company\/cartec-bv","https:\/\/www.youtube.com\/channel\/UCr5Z1L1wZN4ZBm51QGG_0vQ"]}]}},"_links":{"self":[{"href":"https:\/\/cartecworld.com\/fr\/wp-json\/wp\/v2\/pages\/2177","targetHints":{"allow":["GET"]}}],"collection":[{"href":"https:\/\/cartecworld.com\/fr\/wp-json\/wp\/v2\/pages"}],"about":[{"href":"https:\/\/cartecworld.com\/fr\/wp-json\/wp\/v2\/types\/page"}],"author":[{"embeddable":true,"href":"https:\/\/cartecworld.com\/fr\/wp-json\/wp\/v2\/users\/28"}],"replies":[{"embeddable":true,"href":"https:\/\/cartecworld.com\/fr\/wp-json\/wp\/v2\/comments?post=2177"}],"version-history":[{"count":0,"href":"https:\/\/cartecworld.com\/fr\/wp-json\/wp\/v2\/pages\/2177\/revisions"}],"up":[{"embeddable":true,"href":"https:\/\/cartecworld.com\/fr\/wp-json\/wp\/v2\/pages\/2166"}],"wp:attachment":[{"href":"https:\/\/cartecworld.com\/fr\/wp-json\/wp\/v2\/media?parent=2177"}],"curies":[{"name":"wp","href":"https:\/\/api.w.org\/{rel}","templated":true}]}}