{"id":376,"date":"2019-07-10T16:02:28","date_gmt":"2019-07-10T16:02:28","guid":{"rendered":"http:\/\/cartecworld.com\/?page_id=376"},"modified":"2024-11-29T09:06:19","modified_gmt":"2024-11-29T08:06:19","slug":"des-produits","status":"publish","type":"page","link":"https:\/\/cartecworld.com\/fr\/des-produits\/","title":{"rendered":"Produits"},"content":{"rendered":"","protected":false},"excerpt":{"rendered":"","protected":false},"author":28,"featured_media":0,"parent":0,"menu_order":0,"comment_status":"closed","ping_status":"closed","template":"","meta":{"_acf_changed":false,"footnotes":""},"class_list":["post-376","page","type-page","status-publish","hentry"],"acf":[],"yoast_head":"<!-- This site is optimized with the Yoast SEO plugin v27.3 - https:\/\/yoast.com\/product\/yoast-seo-wordpress\/ -->\n<title>Produits professionnels de nettoyage, de protection et de polissage des voitures - Cartec<\/title>\n<meta name=\"description\" content=\"D\u00e9couvrez la gamme compl\u00e8te des produits Cartec. Trouvez les meilleurs produits sp\u00e9cialement con\u00e7us et s\u00e9lectionn\u00e9s pour r\u00e9pondre \u00e0 vos besoins. Cartec est votre fournisseur global.\" \/>\n<meta name=\"robots\" content=\"index, follow, max-snippet:-1, max-image-preview:large, max-video-preview:-1\" \/>\n<link rel=\"canonical\" href=\"https:\/\/cartecworld.com\/fr\/des-produits\/\" \/>\n<meta property=\"og:locale\" content=\"fr_FR\" \/>\n<meta property=\"og:type\" content=\"article\" \/>\n<meta property=\"og:title\" content=\"Produits professionnels de nettoyage, de protection et de polissage des voitures - Cartec\" \/>\n<meta property=\"og:description\" content=\"D\u00e9couvrez la gamme compl\u00e8te des produits Cartec. Trouvez les meilleurs produits sp\u00e9cialement con\u00e7us et s\u00e9lectionn\u00e9s pour r\u00e9pondre \u00e0 vos besoins. Cartec est votre fournisseur global.\" \/>\n<meta property=\"og:url\" content=\"https:\/\/cartecworld.com\/fr\/des-produits\/\" \/>\n<meta property=\"og:site_name\" content=\"Cartec World\" \/>\n<meta property=\"article:publisher\" content=\"https:\/\/www.facebook.com\/CartecWorld\/\" \/>\n<meta property=\"article:modified_time\" content=\"2024-11-29T08:06:19+00:00\" \/>\n<meta name=\"twitter:card\" content=\"summary_large_image\" \/>\n<meta name=\"twitter:site\" content=\"@cartecbv\" \/>\n<script type=\"application\/ld+json\" class=\"yoast-schema-graph\">{\"@context\":\"https:\\\/\\\/schema.org\",\"@graph\":[{\"@type\":\"WebPage\",\"@id\":\"https:\\\/\\\/cartecworld.com\\\/fr\\\/des-produits\\\/\",\"url\":\"https:\\\/\\\/cartecworld.com\\\/fr\\\/des-produits\\\/\",\"name\":\"Produits professionnels de nettoyage, de protection et de polissage des voitures - Cartec\",\"isPartOf\":{\"@id\":\"https:\\\/\\\/cartecworld.com\\\/fr\\\/#website\"},\"datePublished\":\"2019-07-10T16:02:28+00:00\",\"dateModified\":\"2024-11-29T08:06:19+00:00\",\"description\":\"D\u00e9couvrez la gamme compl\u00e8te des produits Cartec. Trouvez les meilleurs produits sp\u00e9cialement con\u00e7us et s\u00e9lectionn\u00e9s pour r\u00e9pondre \u00e0 vos besoins. Cartec est votre fournisseur global.\",\"inLanguage\":\"fr-FR\",\"potentialAction\":[{\"@type\":\"ReadAction\",\"target\":[\"https:\\\/\\\/cartecworld.com\\\/fr\\\/des-produits\\\/\"]}]},{\"@type\":\"WebSite\",\"@id\":\"https:\\\/\\\/cartecworld.com\\\/fr\\\/#website\",\"url\":\"https:\\\/\\\/cartecworld.com\\\/fr\\\/\",\"name\":\"Cartec World\",\"description\":\"\",\"publisher\":{\"@id\":\"https:\\\/\\\/cartecworld.com\\\/fr\\\/#organization\"},\"potentialAction\":[{\"@type\":\"SearchAction\",\"target\":{\"@type\":\"EntryPoint\",\"urlTemplate\":\"https:\\\/\\\/cartecworld.com\\\/fr\\\/?s={search_term_string}\"},\"query-input\":{\"@type\":\"PropertyValueSpecification\",\"valueRequired\":true,\"valueName\":\"search_term_string\"}}],\"inLanguage\":\"fr-FR\"},{\"@type\":\"Organization\",\"@id\":\"https:\\\/\\\/cartecworld.com\\\/fr\\\/#organization\",\"name\":\"Cartec World\",\"alternateName\":\"Cartec\",\"url\":\"https:\\\/\\\/cartecworld.com\\\/fr\\\/\",\"logo\":{\"@type\":\"ImageObject\",\"inLanguage\":\"fr-FR\",\"@id\":\"https:\\\/\\\/cartecworld.com\\\/fr\\\/#\\\/schema\\\/logo\\\/image\\\/\",\"url\":\"https:\\\/\\\/cartecworld.com\\\/wp-content\\\/uploads\\\/2023\\\/03\\\/ESL-Neutral-Wash-Shampoo-26.jpg\",\"contentUrl\":\"https:\\\/\\\/cartecworld.com\\\/wp-content\\\/uploads\\\/2023\\\/03\\\/ESL-Neutral-Wash-Shampoo-26.jpg\",\"width\":1200,\"height\":800,\"caption\":\"Cartec World\"},\"image\":{\"@id\":\"https:\\\/\\\/cartecworld.com\\\/fr\\\/#\\\/schema\\\/logo\\\/image\\\/\"},\"sameAs\":[\"https:\\\/\\\/www.facebook.com\\\/CartecWorld\\\/\",\"https:\\\/\\\/x.com\\\/cartecbv\",\"https:\\\/\\\/www.instagram.com\\\/cartecworld\\\/\",\"https:\\\/\\\/nl.linkedin.com\\\/company\\\/cartec-bv\",\"https:\\\/\\\/www.youtube.com\\\/channel\\\/UCr5Z1L1wZN4ZBm51QGG_0vQ\"]}]}<\/script>\n<!-- \/ Yoast SEO plugin. -->","yoast_head_json":{"title":"Produits professionnels de nettoyage, de protection et de polissage des voitures - Cartec","description":"D\u00e9couvrez la gamme compl\u00e8te des produits Cartec. Trouvez les meilleurs produits sp\u00e9cialement con\u00e7us et s\u00e9lectionn\u00e9s pour r\u00e9pondre \u00e0 vos besoins. Cartec est votre fournisseur global.","robots":{"index":"index","follow":"follow","max-snippet":"max-snippet:-1","max-image-preview":"max-image-preview:large","max-video-preview":"max-video-preview:-1"},"canonical":"https:\/\/cartecworld.com\/fr\/des-produits\/","og_locale":"fr_FR","og_type":"article","og_title":"Produits professionnels de nettoyage, de protection et de polissage des voitures - Cartec","og_description":"D\u00e9couvrez la gamme compl\u00e8te des produits Cartec. Trouvez les meilleurs produits sp\u00e9cialement con\u00e7us et s\u00e9lectionn\u00e9s pour r\u00e9pondre \u00e0 vos besoins. Cartec est votre fournisseur global.","og_url":"https:\/\/cartecworld.com\/fr\/des-produits\/","og_site_name":"Cartec World","article_publisher":"https:\/\/www.facebook.com\/CartecWorld\/","article_modified_time":"2024-11-29T08:06:19+00:00","twitter_card":"summary_large_image","twitter_site":"@cartecbv","schema":{"@context":"https:\/\/schema.org","@graph":[{"@type":"WebPage","@id":"https:\/\/cartecworld.com\/fr\/des-produits\/","url":"https:\/\/cartecworld.com\/fr\/des-produits\/","name":"Produits professionnels de nettoyage, de protection et de polissage des voitures - Cartec","isPartOf":{"@id":"https:\/\/cartecworld.com\/fr\/#website"},"datePublished":"2019-07-10T16:02:28+00:00","dateModified":"2024-11-29T08:06:19+00:00","description":"D\u00e9couvrez la gamme compl\u00e8te des produits Cartec. Trouvez les meilleurs produits sp\u00e9cialement con\u00e7us et s\u00e9lectionn\u00e9s pour r\u00e9pondre \u00e0 vos besoins. Cartec est votre fournisseur global.","inLanguage":"fr-FR","potentialAction":[{"@type":"ReadAction","target":["https:\/\/cartecworld.com\/fr\/des-produits\/"]}]},{"@type":"WebSite","@id":"https:\/\/cartecworld.com\/fr\/#website","url":"https:\/\/cartecworld.com\/fr\/","name":"Cartec World","description":"","publisher":{"@id":"https:\/\/cartecworld.com\/fr\/#organization"},"potentialAction":[{"@type":"SearchAction","target":{"@type":"EntryPoint","urlTemplate":"https:\/\/cartecworld.com\/fr\/?s={search_term_string}"},"query-input":{"@type":"PropertyValueSpecification","valueRequired":true,"valueName":"search_term_string"}}],"inLanguage":"fr-FR"},{"@type":"Organization","@id":"https:\/\/cartecworld.com\/fr\/#organization","name":"Cartec World","alternateName":"Cartec","url":"https:\/\/cartecworld.com\/fr\/","logo":{"@type":"ImageObject","inLanguage":"fr-FR","@id":"https:\/\/cartecworld.com\/fr\/#\/schema\/logo\/image\/","url":"https:\/\/cartecworld.com\/wp-content\/uploads\/2023\/03\/ESL-Neutral-Wash-Shampoo-26.jpg","contentUrl":"https:\/\/cartecworld.com\/wp-content\/uploads\/2023\/03\/ESL-Neutral-Wash-Shampoo-26.jpg","width":1200,"height":800,"caption":"Cartec World"},"image":{"@id":"https:\/\/cartecworld.com\/fr\/#\/schema\/logo\/image\/"},"sameAs":["https:\/\/www.facebook.com\/CartecWorld\/","https:\/\/x.com\/cartecbv","https:\/\/www.instagram.com\/cartecworld\/","https:\/\/nl.linkedin.com\/company\/cartec-bv","https:\/\/www.youtube.com\/channel\/UCr5Z1L1wZN4ZBm51QGG_0vQ"]}]}},"_links":{"self":[{"href":"https:\/\/cartecworld.com\/fr\/wp-json\/wp\/v2\/pages\/376","targetHints":{"allow":["GET"]}}],"collection":[{"href":"https:\/\/cartecworld.com\/fr\/wp-json\/wp\/v2\/pages"}],"about":[{"href":"https:\/\/cartecworld.com\/fr\/wp-json\/wp\/v2\/types\/page"}],"author":[{"embeddable":true,"href":"https:\/\/cartecworld.com\/fr\/wp-json\/wp\/v2\/users\/28"}],"replies":[{"embeddable":true,"href":"https:\/\/cartecworld.com\/fr\/wp-json\/wp\/v2\/comments?post=376"}],"version-history":[{"count":0,"href":"https:\/\/cartecworld.com\/fr\/wp-json\/wp\/v2\/pages\/376\/revisions"}],"wp:attachment":[{"href":"https:\/\/cartecworld.com\/fr\/wp-json\/wp\/v2\/media?parent=376"}],"curies":[{"name":"wp","href":"https:\/\/api.w.org\/{rel}","templated":true}]}}