{"id":400,"date":"2019-07-10T16:09:39","date_gmt":"2019-07-10T16:09:39","guid":{"rendered":"http:\/\/cartecworld.com\/?page_id=400"},"modified":"2026-04-02T15:47:48","modified_gmt":"2026-04-02T13:47:48","slug":"a-propos-de-cartec","status":"publish","type":"page","link":"https:\/\/cartecworld.com\/fr\/a-propos-de-cartec\/","title":{"rendered":"\u00c0 propos de Cartec"},"content":{"rendered":"","protected":false},"excerpt":{"rendered":"","protected":false},"author":28,"featured_media":14070,"parent":0,"menu_order":0,"comment_status":"closed","ping_status":"closed","template":"page-paginate.php","meta":{"_acf_changed":false,"footnotes":""},"class_list":["post-400","page","type-page","status-publish","has-post-thumbnail","hentry"],"acf":[],"yoast_head":"<!-- This site is optimized with the Yoast SEO plugin v27.3 - https:\/\/yoast.com\/product\/yoast-seo-wordpress\/ -->\n<title>Ingenious Car Care : des produits pour les professionnels - Cartec World<\/title>\n<meta name=\"description\" content=\"Cartec d\u00e9veloppe des produits de nettoyage, de protection et de polissage pour les voitures depuis plus de 35 ans. D\u00e9velopp\u00e9s et produits aux Pays-Bas.\" \/>\n<meta name=\"robots\" content=\"index, follow, max-snippet:-1, max-image-preview:large, max-video-preview:-1\" \/>\n<link rel=\"canonical\" href=\"https:\/\/cartecworld.com\/fr\/a-propos-de-cartec\/\" \/>\n<meta property=\"og:locale\" content=\"fr_FR\" \/>\n<meta property=\"og:type\" content=\"article\" \/>\n<meta property=\"og:title\" content=\"Ingenious Car Care : des produits pour les professionnels - Cartec World\" \/>\n<meta property=\"og:description\" content=\"Cartec d\u00e9veloppe des produits de nettoyage, de protection et de polissage pour les voitures depuis plus de 35 ans. D\u00e9velopp\u00e9s et produits aux Pays-Bas.\" \/>\n<meta property=\"og:url\" content=\"https:\/\/cartecworld.com\/fr\/a-propos-de-cartec\/\" \/>\n<meta property=\"og:site_name\" content=\"Cartec World\" \/>\n<meta property=\"article:publisher\" content=\"https:\/\/www.facebook.com\/CartecWorld\/\" \/>\n<meta property=\"article:modified_time\" content=\"2026-04-02T13:47:48+00:00\" \/>\n<meta property=\"og:image\" content=\"https:\/\/cartecworld.com\/wp-content\/uploads\/2023\/11\/2.jpg\" \/>\n\t<meta property=\"og:image:width\" content=\"1200\" \/>\n\t<meta property=\"og:image:height\" content=\"675\" \/>\n\t<meta property=\"og:image:type\" content=\"image\/jpeg\" \/>\n<meta name=\"twitter:card\" content=\"summary_large_image\" \/>\n<meta name=\"twitter:site\" content=\"@cartecbv\" \/>\n<meta name=\"twitter:label1\" content=\"Dur\u00e9e de lecture estim\u00e9e\" \/>\n\t<meta name=\"twitter:data1\" content=\"1 minute\" \/>\n<script type=\"application\/ld+json\" class=\"yoast-schema-graph\">{\"@context\":\"https:\\\/\\\/schema.org\",\"@graph\":[{\"@type\":\"WebPage\",\"@id\":\"https:\\\/\\\/cartecworld.com\\\/fr\\\/a-propos-de-cartec\\\/\",\"url\":\"https:\\\/\\\/cartecworld.com\\\/fr\\\/a-propos-de-cartec\\\/\",\"name\":\"Ingenious Car Care : des produits pour les professionnels - Cartec World\",\"isPartOf\":{\"@id\":\"https:\\\/\\\/cartecworld.com\\\/fr\\\/#website\"},\"primaryImageOfPage\":{\"@id\":\"https:\\\/\\\/cartecworld.com\\\/fr\\\/a-propos-de-cartec\\\/#primaryimage\"},\"image\":{\"@id\":\"https:\\\/\\\/cartecworld.com\\\/fr\\\/a-propos-de-cartec\\\/#primaryimage\"},\"thumbnailUrl\":\"https:\\\/\\\/cartecworld.com\\\/wp-content\\\/uploads\\\/2023\\\/11\\\/2.jpg\",\"datePublished\":\"2019-07-10T16:09:39+00:00\",\"dateModified\":\"2026-04-02T13:47:48+00:00\",\"description\":\"Cartec d\u00e9veloppe des produits de nettoyage, de protection et de polissage pour les voitures depuis plus de 35 ans. D\u00e9velopp\u00e9s et produits aux Pays-Bas.\",\"inLanguage\":\"fr-FR\",\"potentialAction\":[{\"@type\":\"ReadAction\",\"target\":[\"https:\\\/\\\/cartecworld.com\\\/fr\\\/a-propos-de-cartec\\\/\"]}]},{\"@type\":\"ImageObject\",\"inLanguage\":\"fr-FR\",\"@id\":\"https:\\\/\\\/cartecworld.com\\\/fr\\\/a-propos-de-cartec\\\/#primaryimage\",\"url\":\"https:\\\/\\\/cartecworld.com\\\/wp-content\\\/uploads\\\/2023\\\/11\\\/2.jpg\",\"contentUrl\":\"https:\\\/\\\/cartecworld.com\\\/wp-content\\\/uploads\\\/2023\\\/11\\\/2.jpg\",\"width\":1200,\"height\":675},{\"@type\":\"WebSite\",\"@id\":\"https:\\\/\\\/cartecworld.com\\\/fr\\\/#website\",\"url\":\"https:\\\/\\\/cartecworld.com\\\/fr\\\/\",\"name\":\"Cartec World\",\"description\":\"\",\"publisher\":{\"@id\":\"https:\\\/\\\/cartecworld.com\\\/fr\\\/#organization\"},\"potentialAction\":[{\"@type\":\"SearchAction\",\"target\":{\"@type\":\"EntryPoint\",\"urlTemplate\":\"https:\\\/\\\/cartecworld.com\\\/fr\\\/?s={search_term_string}\"},\"query-input\":{\"@type\":\"PropertyValueSpecification\",\"valueRequired\":true,\"valueName\":\"search_term_string\"}}],\"inLanguage\":\"fr-FR\"},{\"@type\":\"Organization\",\"@id\":\"https:\\\/\\\/cartecworld.com\\\/fr\\\/#organization\",\"name\":\"Cartec World\",\"alternateName\":\"Cartec\",\"url\":\"https:\\\/\\\/cartecworld.com\\\/fr\\\/\",\"logo\":{\"@type\":\"ImageObject\",\"inLanguage\":\"fr-FR\",\"@id\":\"https:\\\/\\\/cartecworld.com\\\/fr\\\/#\\\/schema\\\/logo\\\/image\\\/\",\"url\":\"https:\\\/\\\/cartecworld.com\\\/wp-content\\\/uploads\\\/2023\\\/03\\\/ESL-Neutral-Wash-Shampoo-26.jpg\",\"contentUrl\":\"https:\\\/\\\/cartecworld.com\\\/wp-content\\\/uploads\\\/2023\\\/03\\\/ESL-Neutral-Wash-Shampoo-26.jpg\",\"width\":1200,\"height\":800,\"caption\":\"Cartec World\"},\"image\":{\"@id\":\"https:\\\/\\\/cartecworld.com\\\/fr\\\/#\\\/schema\\\/logo\\\/image\\\/\"},\"sameAs\":[\"https:\\\/\\\/www.facebook.com\\\/CartecWorld\\\/\",\"https:\\\/\\\/x.com\\\/cartecbv\",\"https:\\\/\\\/www.instagram.com\\\/cartecworld\\\/\",\"https:\\\/\\\/nl.linkedin.com\\\/company\\\/cartec-bv\",\"https:\\\/\\\/www.youtube.com\\\/channel\\\/UCr5Z1L1wZN4ZBm51QGG_0vQ\"]}]}<\/script>\n<!-- \/ Yoast SEO plugin. -->","yoast_head_json":{"title":"Ingenious Car Care : des produits pour les professionnels - Cartec World","description":"Cartec d\u00e9veloppe des produits de nettoyage, de protection et de polissage pour les voitures depuis plus de 35 ans. D\u00e9velopp\u00e9s et produits aux Pays-Bas.","robots":{"index":"index","follow":"follow","max-snippet":"max-snippet:-1","max-image-preview":"max-image-preview:large","max-video-preview":"max-video-preview:-1"},"canonical":"https:\/\/cartecworld.com\/fr\/a-propos-de-cartec\/","og_locale":"fr_FR","og_type":"article","og_title":"Ingenious Car Care : des produits pour les professionnels - Cartec World","og_description":"Cartec d\u00e9veloppe des produits de nettoyage, de protection et de polissage pour les voitures depuis plus de 35 ans. D\u00e9velopp\u00e9s et produits aux Pays-Bas.","og_url":"https:\/\/cartecworld.com\/fr\/a-propos-de-cartec\/","og_site_name":"Cartec World","article_publisher":"https:\/\/www.facebook.com\/CartecWorld\/","article_modified_time":"2026-04-02T13:47:48+00:00","og_image":[{"width":1200,"height":675,"url":"https:\/\/cartecworld.com\/wp-content\/uploads\/2023\/11\/2.jpg","type":"image\/jpeg"}],"twitter_card":"summary_large_image","twitter_site":"@cartecbv","twitter_misc":{"Dur\u00e9e de lecture estim\u00e9e":"1 minute"},"schema":{"@context":"https:\/\/schema.org","@graph":[{"@type":"WebPage","@id":"https:\/\/cartecworld.com\/fr\/a-propos-de-cartec\/","url":"https:\/\/cartecworld.com\/fr\/a-propos-de-cartec\/","name":"Ingenious Car Care : des produits pour les professionnels - Cartec World","isPartOf":{"@id":"https:\/\/cartecworld.com\/fr\/#website"},"primaryImageOfPage":{"@id":"https:\/\/cartecworld.com\/fr\/a-propos-de-cartec\/#primaryimage"},"image":{"@id":"https:\/\/cartecworld.com\/fr\/a-propos-de-cartec\/#primaryimage"},"thumbnailUrl":"https:\/\/cartecworld.com\/wp-content\/uploads\/2023\/11\/2.jpg","datePublished":"2019-07-10T16:09:39+00:00","dateModified":"2026-04-02T13:47:48+00:00","description":"Cartec d\u00e9veloppe des produits de nettoyage, de protection et de polissage pour les voitures depuis plus de 35 ans. D\u00e9velopp\u00e9s et produits aux Pays-Bas.","inLanguage":"fr-FR","potentialAction":[{"@type":"ReadAction","target":["https:\/\/cartecworld.com\/fr\/a-propos-de-cartec\/"]}]},{"@type":"ImageObject","inLanguage":"fr-FR","@id":"https:\/\/cartecworld.com\/fr\/a-propos-de-cartec\/#primaryimage","url":"https:\/\/cartecworld.com\/wp-content\/uploads\/2023\/11\/2.jpg","contentUrl":"https:\/\/cartecworld.com\/wp-content\/uploads\/2023\/11\/2.jpg","width":1200,"height":675},{"@type":"WebSite","@id":"https:\/\/cartecworld.com\/fr\/#website","url":"https:\/\/cartecworld.com\/fr\/","name":"Cartec World","description":"","publisher":{"@id":"https:\/\/cartecworld.com\/fr\/#organization"},"potentialAction":[{"@type":"SearchAction","target":{"@type":"EntryPoint","urlTemplate":"https:\/\/cartecworld.com\/fr\/?s={search_term_string}"},"query-input":{"@type":"PropertyValueSpecification","valueRequired":true,"valueName":"search_term_string"}}],"inLanguage":"fr-FR"},{"@type":"Organization","@id":"https:\/\/cartecworld.com\/fr\/#organization","name":"Cartec World","alternateName":"Cartec","url":"https:\/\/cartecworld.com\/fr\/","logo":{"@type":"ImageObject","inLanguage":"fr-FR","@id":"https:\/\/cartecworld.com\/fr\/#\/schema\/logo\/image\/","url":"https:\/\/cartecworld.com\/wp-content\/uploads\/2023\/03\/ESL-Neutral-Wash-Shampoo-26.jpg","contentUrl":"https:\/\/cartecworld.com\/wp-content\/uploads\/2023\/03\/ESL-Neutral-Wash-Shampoo-26.jpg","width":1200,"height":800,"caption":"Cartec World"},"image":{"@id":"https:\/\/cartecworld.com\/fr\/#\/schema\/logo\/image\/"},"sameAs":["https:\/\/www.facebook.com\/CartecWorld\/","https:\/\/x.com\/cartecbv","https:\/\/www.instagram.com\/cartecworld\/","https:\/\/nl.linkedin.com\/company\/cartec-bv","https:\/\/www.youtube.com\/channel\/UCr5Z1L1wZN4ZBm51QGG_0vQ"]}]}},"_links":{"self":[{"href":"https:\/\/cartecworld.com\/fr\/wp-json\/wp\/v2\/pages\/400","targetHints":{"allow":["GET"]}}],"collection":[{"href":"https:\/\/cartecworld.com\/fr\/wp-json\/wp\/v2\/pages"}],"about":[{"href":"https:\/\/cartecworld.com\/fr\/wp-json\/wp\/v2\/types\/page"}],"author":[{"embeddable":true,"href":"https:\/\/cartecworld.com\/fr\/wp-json\/wp\/v2\/users\/28"}],"replies":[{"embeddable":true,"href":"https:\/\/cartecworld.com\/fr\/wp-json\/wp\/v2\/comments?post=400"}],"version-history":[{"count":1,"href":"https:\/\/cartecworld.com\/fr\/wp-json\/wp\/v2\/pages\/400\/revisions"}],"predecessor-version":[{"id":41431,"href":"https:\/\/cartecworld.com\/fr\/wp-json\/wp\/v2\/pages\/400\/revisions\/41431"}],"wp:featuredmedia":[{"embeddable":true,"href":"https:\/\/cartecworld.com\/fr\/wp-json\/wp\/v2\/media\/14070"}],"wp:attachment":[{"href":"https:\/\/cartecworld.com\/fr\/wp-json\/wp\/v2\/media?parent=400"}],"curies":[{"name":"wp","href":"https:\/\/api.w.org\/{rel}","templated":true}]}}